{"id":998,"date":"2021-10-13T16:05:41","date_gmt":"2021-10-13T18:05:41","guid":{"rendered":"http:\/\/ltim.lt\/?page_id=998"},"modified":"2021-12-16T00:37:55","modified_gmt":"2021-12-16T02:37:55","slug":"kauno-lietuvos-didziojo-kunigaikscio-vytauto-mecetes-projektas","status":"publish","type":"page","link":"https:\/\/ltim.lt\/en\/galerija\/pastatai\/kauno-lietuvos-didziojo-kunigaikscio-vytauto-mecetes-projektas\/","title":{"rendered":"Kauno Lietuvos Did\u017eiojo Kunigaik\u0161\u010dio Vytauto me\u010det\u0117s projektas"},"content":{"rendered":"\n<p>M\u016brin\u0117 totori\u0173 me\u010det\u0117 pastatyta 1930\u20131933 m.. Projekto autoriai architektai V. Michnevi\u010dius ir A. Netyksa. Projekto vir\u0161uje kair\u0117je pus\u0117je para\u0161ytas pirmas me\u010det\u0117s pavadinimas: \u201eKauno me\u010det\u0117s Lietuvos Did\u017eiojo kunigaik\u0161\u010dio Vytauto vardo\u201c projektas. M\u016brin\u0117 me\u010det\u0117 buvo pastatyta Kauno totori\u0173 draugijos iniciatyva. Pastatas sum\u016brytas i\u0161 tu\u0161\u010diaviduri\u0173 betono blokeli\u0173, viduje ir i\u0161or\u0117je sienos tinkuotos. Perdang\u0105 laiko metalin\u0117s sijos. Pertvaros medin\u0117s, stogas dengtas skarda. Did\u017eioji kupolo konstrukcija dviguba kiautin\u0117. Pastatas nedidelis, grak\u0161\u010di\u0173 proporcij\u0173. Me\u010det\u0117s vidus buvo dekoruotas ornamentine tapyba, langai inkrustuoti \u012fvairiaspalviu stiklu, portalo durys puo\u0161tos a\u0161tuoniakampio motyvais<\/p>\n","protected":false},"excerpt":{"rendered":"<p>M\u016brin\u0117 totori\u0173 me\u010det\u0117 pastatyta 1930\u20131933 m.. Projekto autoriai architektai V. Michnevi\u010dius ir A. Netyksa. Projekto vir\u0161uje kair\u0117je pus\u0117je para\u0161ytas pirmas me\u010det\u0117s pavadinimas: \u201eKauno me\u010det\u0117s Lietuvos Did\u017eiojo kunigaik\u0161\u010dio Vytauto vardo\u201c projektas. M\u016brin\u0117 me\u010det\u0117 buvo pastatyta Kauno totori\u0173 draugijos iniciatyva. Pastatas sum\u016brytas i\u0161 tu\u0161\u010diaviduri\u0173 betono blokeli\u0173, viduje ir i\u0161or\u0117je sienos tinkuotos. Perdang\u0105 laiko metalin\u0117s sijos. Pertvaros medin\u0117s, [&hellip;]<\/p>\n","protected":false},"author":1,"featured_media":999,"parent":106,"menu_order":0,"comment_status":"closed","ping_status":"closed","template":"page-gallery-inside.php","meta":[],"_links":{"self":[{"href":"https:\/\/ltim.lt\/en\/wp-json\/wp\/v2\/pages\/998"}],"collection":[{"href":"https:\/\/ltim.lt\/en\/wp-json\/wp\/v2\/pages"}],"about":[{"href":"https:\/\/ltim.lt\/en\/wp-json\/wp\/v2\/types\/page"}],"author":[{"embeddable":true,"href":"https:\/\/ltim.lt\/en\/wp-json\/wp\/v2\/users\/1"}],"replies":[{"embeddable":true,"href":"https:\/\/ltim.lt\/en\/wp-json\/wp\/v2\/comments?post=998"}],"version-history":[{"count":4,"href":"https:\/\/ltim.lt\/en\/wp-json\/wp\/v2\/pages\/998\/revisions"}],"predecessor-version":[{"id":1619,"href":"https:\/\/ltim.lt\/en\/wp-json\/wp\/v2\/pages\/998\/revisions\/1619"}],"up":[{"embeddable":true,"href":"https:\/\/ltim.lt\/en\/wp-json\/wp\/v2\/pages\/106"}],"wp:featuredmedia":[{"embeddable":true,"href":"https:\/\/ltim.lt\/en\/wp-json\/wp\/v2\/media\/999"}],"wp:attachment":[{"href":"https:\/\/ltim.lt\/en\/wp-json\/wp\/v2\/media?parent=998"}],"curies":[{"name":"wp","href":"https:\/\/api.w.org\/{rel}","templated":true}]}}