{"id":893,"date":"2021-10-09T16:52:40","date_gmt":"2021-10-09T18:52:40","guid":{"rendered":"http:\/\/ltim.lt\/?page_id=893"},"modified":"2021-10-09T16:52:41","modified_gmt":"2021-10-09T18:52:41","slug":"ldk-priesakines-sargybos-pulu-eiliniai-ir-karininkas","status":"publish","type":"page","link":"https:\/\/ltim.lt\/en\/galerija\/karyba\/regimentai\/ldk-priesakines-sargybos-pulu-eiliniai-ir-karininkas\/","title":{"rendered":"LDK prie\u0161akin\u0117s sargybos pul\u0173 eiliniai ir karininkas"},"content":{"rendered":"\n<p>LDK prie\u0161akin\u0117s sargybos pul\u0173 eiliniai ir karininkas, 1770-1794m.<\/p>\n","protected":false},"excerpt":{"rendered":"<p>LDK prie\u0161akin\u0117s sargybos pul\u0173 eiliniai ir karininkas, 1770-1794m.<\/p>\n","protected":false},"author":1,"featured_media":894,"parent":158,"menu_order":0,"comment_status":"closed","ping_status":"closed","template":"page-gallery-inside.php","meta":[],"_links":{"self":[{"href":"https:\/\/ltim.lt\/en\/wp-json\/wp\/v2\/pages\/893"}],"collection":[{"href":"https:\/\/ltim.lt\/en\/wp-json\/wp\/v2\/pages"}],"about":[{"href":"https:\/\/ltim.lt\/en\/wp-json\/wp\/v2\/types\/page"}],"author":[{"embeddable":true,"href":"https:\/\/ltim.lt\/en\/wp-json\/wp\/v2\/users\/1"}],"replies":[{"embeddable":true,"href":"https:\/\/ltim.lt\/en\/wp-json\/wp\/v2\/comments?post=893"}],"version-history":[{"count":2,"href":"https:\/\/ltim.lt\/en\/wp-json\/wp\/v2\/pages\/893\/revisions"}],"predecessor-version":[{"id":897,"href":"https:\/\/ltim.lt\/en\/wp-json\/wp\/v2\/pages\/893\/revisions\/897"}],"up":[{"embeddable":true,"href":"https:\/\/ltim.lt\/en\/wp-json\/wp\/v2\/pages\/158"}],"wp:featuredmedia":[{"embeddable":true,"href":"https:\/\/ltim.lt\/en\/wp-json\/wp\/v2\/media\/894"}],"wp:attachment":[{"href":"https:\/\/ltim.lt\/en\/wp-json\/wp\/v2\/media?parent=893"}],"curies":[{"name":"wp","href":"https:\/\/api.w.org\/{rel}","templated":true}]}}