{"id":441,"date":"2018-12-27T11:36:27","date_gmt":"2018-12-27T13:36:27","guid":{"rendered":"http:\/\/ltim.lt\/?page_id=441"},"modified":"2018-12-27T11:52:06","modified_gmt":"2018-12-27T13:52:06","slug":"imperatoriaus-napoleono-armijos-lietuvos-totoriu-ulonu-eskadrono-eilinio-kepure-1812-m","status":"publish","type":"page","link":"https:\/\/ltim.lt\/en\/galerija\/karyba\/uniformos\/imperatoriaus-napoleono-armijos-lietuvos-totoriu-ulonu-eskadrono-eilinio-kepure-1812-m\/","title":{"rendered":"Imperatoriaus Napoleono armijos Lietuvos totori\u0173 ulon\u0173 eskadrono eilinio kepur\u0117 (1812 m.)"},"content":{"rendered":"","protected":false},"excerpt":{"rendered":"","protected":false},"author":1,"featured_media":449,"parent":164,"menu_order":0,"comment_status":"closed","ping_status":"closed","template":"page-gallery-inside.php","meta":[],"_links":{"self":[{"href":"https:\/\/ltim.lt\/en\/wp-json\/wp\/v2\/pages\/441"}],"collection":[{"href":"https:\/\/ltim.lt\/en\/wp-json\/wp\/v2\/pages"}],"about":[{"href":"https:\/\/ltim.lt\/en\/wp-json\/wp\/v2\/types\/page"}],"author":[{"embeddable":true,"href":"https:\/\/ltim.lt\/en\/wp-json\/wp\/v2\/users\/1"}],"replies":[{"embeddable":true,"href":"https:\/\/ltim.lt\/en\/wp-json\/wp\/v2\/comments?post=441"}],"version-history":[{"count":2,"href":"https:\/\/ltim.lt\/en\/wp-json\/wp\/v2\/pages\/441\/revisions"}],"predecessor-version":[{"id":450,"href":"https:\/\/ltim.lt\/en\/wp-json\/wp\/v2\/pages\/441\/revisions\/450"}],"up":[{"embeddable":true,"href":"https:\/\/ltim.lt\/en\/wp-json\/wp\/v2\/pages\/164"}],"wp:featuredmedia":[{"embeddable":true,"href":"https:\/\/ltim.lt\/en\/wp-json\/wp\/v2\/media\/449"}],"wp:attachment":[{"href":"https:\/\/ltim.lt\/en\/wp-json\/wp\/v2\/media?parent=441"}],"curies":[{"name":"wp","href":"https:\/\/api.w.org\/{rel}","templated":true}]}}