{"id":4334,"date":"2022-11-30T19:13:35","date_gmt":"2022-11-30T21:13:35","guid":{"rendered":"http:\/\/ltim.lt\/?page_id=4334"},"modified":"2022-11-30T19:13:36","modified_gmt":"2022-11-30T21:13:36","slug":"pasto-zenklas-dideliu-nominalu-standartiniu-zenklu-laida-1927-m","status":"publish","type":"page","link":"https:\/\/ltim.lt\/en\/galerija\/numizmatika\/filatelija\/pasto-zenklas-dideliu-nominalu-standartiniu-zenklu-laida-1927-m\/","title":{"rendered":"Pa\u0161to \u017eenklas \u201eDideli\u0173 nominal\u0173 standartini\u0173 \u017eenkl\u0173 laida\u201c. 1927 m."},"content":{"rendered":"\n<p><img loading=\"lazy\" class=\"alignnone size-medium aligncenter\" src=\"https:\/\/pirmynpopasauli.files.wordpress.com\/2022\/11\/image-223.png\" width=\"371\" height=\"285\" \/><\/p>\n<p style=\"text-align: center;\">Pa\u0161to \u017eenklas \u201eDideli\u0173 nominal\u0173 standartini\u0173 \u017eenkl\u0173 laida\u201c. 1927 m. Dailininkas Bernardas Bu\u010das. Lietuva.<\/p>\n","protected":false},"excerpt":{"rendered":"<p>Pa\u0161to \u017eenklas \u201eDideli\u0173 nominal\u0173 standartini\u0173 \u017eenkl\u0173 laida\u201c. 1927 m. Dailininkas Bernardas Bu\u010das. Lietuva.<\/p>\n","protected":false},"author":1,"featured_media":0,"parent":4152,"menu_order":0,"comment_status":"closed","ping_status":"closed","template":"page-text.php","meta":[],"_links":{"self":[{"href":"https:\/\/ltim.lt\/en\/wp-json\/wp\/v2\/pages\/4334"}],"collection":[{"href":"https:\/\/ltim.lt\/en\/wp-json\/wp\/v2\/pages"}],"about":[{"href":"https:\/\/ltim.lt\/en\/wp-json\/wp\/v2\/types\/page"}],"author":[{"embeddable":true,"href":"https:\/\/ltim.lt\/en\/wp-json\/wp\/v2\/users\/1"}],"replies":[{"embeddable":true,"href":"https:\/\/ltim.lt\/en\/wp-json\/wp\/v2\/comments?post=4334"}],"version-history":[{"count":1,"href":"https:\/\/ltim.lt\/en\/wp-json\/wp\/v2\/pages\/4334\/revisions"}],"predecessor-version":[{"id":4335,"href":"https:\/\/ltim.lt\/en\/wp-json\/wp\/v2\/pages\/4334\/revisions\/4335"}],"up":[{"embeddable":true,"href":"https:\/\/ltim.lt\/en\/wp-json\/wp\/v2\/pages\/4152"}],"wp:attachment":[{"href":"https:\/\/ltim.lt\/en\/wp-json\/wp\/v2\/media?parent=4334"}],"curies":[{"name":"wp","href":"https:\/\/api.w.org\/{rel}","templated":true}]}}