{"id":4332,"date":"2022-11-30T19:10:12","date_gmt":"2022-11-30T21:10:12","guid":{"rendered":"http:\/\/ltim.lt\/?page_id=4332"},"modified":"2022-11-30T19:10:13","modified_gmt":"2022-11-30T21:10:13","slug":"pasto-zenklas-vaizduojantis-vyti-1992-m","status":"publish","type":"page","link":"https:\/\/ltim.lt\/en\/galerija\/numizmatika\/filatelija\/pasto-zenklas-vaizduojantis-vyti-1992-m\/","title":{"rendered":"Pa\u0161to \u017eenklas, vaizduojantis Vyt\u012f. 1992 m."},"content":{"rendered":"\n<p><img loading=\"lazy\" class=\"aligncenter size-medium\" src=\"https:\/\/pirmynpopasauli.files.wordpress.com\/2022\/11\/image-222.png\" width=\"254\" height=\"349\" \/><\/p>\n<p style=\"text-align: center;\">Pa\u0161to \u017eenklas, vaizduojantis Vyt\u012f. 1992 m. Lietuva.<\/p>\n","protected":false},"excerpt":{"rendered":"<p>Pa\u0161to \u017eenklas, vaizduojantis Vyt\u012f. 1992 m. Lietuva.<\/p>\n","protected":false},"author":1,"featured_media":0,"parent":4152,"menu_order":0,"comment_status":"closed","ping_status":"closed","template":"page-text.php","meta":[],"_links":{"self":[{"href":"https:\/\/ltim.lt\/en\/wp-json\/wp\/v2\/pages\/4332"}],"collection":[{"href":"https:\/\/ltim.lt\/en\/wp-json\/wp\/v2\/pages"}],"about":[{"href":"https:\/\/ltim.lt\/en\/wp-json\/wp\/v2\/types\/page"}],"author":[{"embeddable":true,"href":"https:\/\/ltim.lt\/en\/wp-json\/wp\/v2\/users\/1"}],"replies":[{"embeddable":true,"href":"https:\/\/ltim.lt\/en\/wp-json\/wp\/v2\/comments?post=4332"}],"version-history":[{"count":1,"href":"https:\/\/ltim.lt\/en\/wp-json\/wp\/v2\/pages\/4332\/revisions"}],"predecessor-version":[{"id":4333,"href":"https:\/\/ltim.lt\/en\/wp-json\/wp\/v2\/pages\/4332\/revisions\/4333"}],"up":[{"embeddable":true,"href":"https:\/\/ltim.lt\/en\/wp-json\/wp\/v2\/pages\/4152"}],"wp:attachment":[{"href":"https:\/\/ltim.lt\/en\/wp-json\/wp\/v2\/media?parent=4332"}],"curies":[{"name":"wp","href":"https:\/\/api.w.org\/{rel}","templated":true}]}}