{"id":4325,"date":"2022-11-30T19:05:47","date_gmt":"2022-11-30T21:05:47","guid":{"rendered":"http:\/\/ltim.lt\/?page_id=4325"},"modified":"2022-11-30T19:05:48","modified_gmt":"2022-11-30T21:05:48","slug":"pasto-zenklas-vaizduojantis-ldk-5-ojo-priesakines-sargybos-pulko-totorius-ulonus-lietuva","status":"publish","type":"page","link":"https:\/\/ltim.lt\/en\/galerija\/numizmatika\/filatelija\/pasto-zenklas-vaizduojantis-ldk-5-ojo-priesakines-sargybos-pulko-totorius-ulonus-lietuva\/","title":{"rendered":"Pa\u0161to \u017eenklas, vaizduojantis LDK 5-ojo prie\u0161akin\u0117s sargybos pulko totorius ulonus. Lietuva"},"content":{"rendered":"\n<p><img loading=\"lazy\" class=\"aligncenter size-medium\" src=\"https:\/\/pirmynpopasauli.files.wordpress.com\/2022\/11\/image-219.png\" width=\"325\" height=\"393\" \/><\/p>\n<p style=\"text-align: center;\">Pa\u0161to \u017eenklas, skirtas Lietuvos tautin\u0117s ma\u017eumai, bendrijai &#8211; totoriams. LDK 5-ojo prie\u0161akin\u0117s sargybos pulko totoriai ulonai. Lietuva. 2018 m.<\/p>\n","protected":false},"excerpt":{"rendered":"<p>Pa\u0161to \u017eenklas, skirtas Lietuvos tautin\u0117s ma\u017eumai, bendrijai &#8211; totoriams. LDK 5-ojo prie\u0161akin\u0117s sargybos pulko totoriai ulonai. Lietuva. 2018 m.<\/p>\n","protected":false},"author":1,"featured_media":0,"parent":4152,"menu_order":0,"comment_status":"closed","ping_status":"closed","template":"page-text.php","meta":[],"_links":{"self":[{"href":"https:\/\/ltim.lt\/en\/wp-json\/wp\/v2\/pages\/4325"}],"collection":[{"href":"https:\/\/ltim.lt\/en\/wp-json\/wp\/v2\/pages"}],"about":[{"href":"https:\/\/ltim.lt\/en\/wp-json\/wp\/v2\/types\/page"}],"author":[{"embeddable":true,"href":"https:\/\/ltim.lt\/en\/wp-json\/wp\/v2\/users\/1"}],"replies":[{"embeddable":true,"href":"https:\/\/ltim.lt\/en\/wp-json\/wp\/v2\/comments?post=4325"}],"version-history":[{"count":1,"href":"https:\/\/ltim.lt\/en\/wp-json\/wp\/v2\/pages\/4325\/revisions"}],"predecessor-version":[{"id":4327,"href":"https:\/\/ltim.lt\/en\/wp-json\/wp\/v2\/pages\/4325\/revisions\/4327"}],"up":[{"embeddable":true,"href":"https:\/\/ltim.lt\/en\/wp-json\/wp\/v2\/pages\/4152"}],"wp:attachment":[{"href":"https:\/\/ltim.lt\/en\/wp-json\/wp\/v2\/media?parent=4325"}],"curies":[{"name":"wp","href":"https:\/\/api.w.org\/{rel}","templated":true}]}}