{"id":4322,"date":"2022-11-30T19:01:40","date_gmt":"2022-11-30T21:01:40","guid":{"rendered":"http:\/\/ltim.lt\/?page_id=4322"},"modified":"2022-11-30T19:01:41","modified_gmt":"2022-11-30T21:01:41","slug":"pasto-zenklas-skirtas-chotino-musio-400-metams-pamineti-lietuva-lenkija","status":"publish","type":"page","link":"https:\/\/ltim.lt\/en\/galerija\/numizmatika\/filatelija\/pasto-zenklas-skirtas-chotino-musio-400-metams-pamineti-lietuva-lenkija\/","title":{"rendered":"Pa\u0161to \u017eenklas, skirtas Chotino m\u016b\u0161io 400 metams pamin\u0117ti. Lietuva, Lenkija"},"content":{"rendered":"\n<p><img loading=\"lazy\" class=\"aligncenter size-medium\" src=\"https:\/\/pirmynpopasauli.files.wordpress.com\/2022\/11\/image-214.png\" width=\"548\" height=\"760\" \/><\/p>\n<p style=\"text-align: center;\">Pa\u0161to \u017eenklas, skirtas Chotino m\u016b\u0161io 400 metams pamin\u0117ti. Lietuva, Lenkija. 2021 m.<\/p>\n","protected":false},"excerpt":{"rendered":"<p>Pa\u0161to \u017eenklas, skirtas Chotino m\u016b\u0161io 400 metams pamin\u0117ti. Lietuva, Lenkija. 2021 m.<\/p>\n","protected":false},"author":1,"featured_media":0,"parent":4152,"menu_order":0,"comment_status":"closed","ping_status":"closed","template":"page-text.php","meta":[],"_links":{"self":[{"href":"https:\/\/ltim.lt\/en\/wp-json\/wp\/v2\/pages\/4322"}],"collection":[{"href":"https:\/\/ltim.lt\/en\/wp-json\/wp\/v2\/pages"}],"about":[{"href":"https:\/\/ltim.lt\/en\/wp-json\/wp\/v2\/types\/page"}],"author":[{"embeddable":true,"href":"https:\/\/ltim.lt\/en\/wp-json\/wp\/v2\/users\/1"}],"replies":[{"embeddable":true,"href":"https:\/\/ltim.lt\/en\/wp-json\/wp\/v2\/comments?post=4322"}],"version-history":[{"count":1,"href":"https:\/\/ltim.lt\/en\/wp-json\/wp\/v2\/pages\/4322\/revisions"}],"predecessor-version":[{"id":4323,"href":"https:\/\/ltim.lt\/en\/wp-json\/wp\/v2\/pages\/4322\/revisions\/4323"}],"up":[{"embeddable":true,"href":"https:\/\/ltim.lt\/en\/wp-json\/wp\/v2\/pages\/4152"}],"wp:attachment":[{"href":"https:\/\/ltim.lt\/en\/wp-json\/wp\/v2\/media?parent=4322"}],"curies":[{"name":"wp","href":"https:\/\/api.w.org\/{rel}","templated":true}]}}