{"id":4320,"date":"2022-11-30T19:00:24","date_gmt":"2022-11-30T21:00:24","guid":{"rendered":"http:\/\/ltim.lt\/?page_id=4320"},"modified":"2022-11-30T19:00:25","modified_gmt":"2022-11-30T21:00:25","slug":"pasto-zenklas-skirtas-leipcigo-musiui","status":"publish","type":"page","link":"https:\/\/ltim.lt\/en\/galerija\/numizmatika\/filatelija\/pasto-zenklas-skirtas-leipcigo-musiui\/","title":{"rendered":"Pa\u0161to \u017eenklas, skirtas Leipcigo m\u016b\u0161iui"},"content":{"rendered":"\n<p><img loading=\"lazy\" class=\"aligncenter size-medium\" src=\"https:\/\/pirmynpopasauli.files.wordpress.com\/2022\/11\/image-213.png\" width=\"470\" height=\"361\" \/><\/p>\n<p style=\"text-align: center;\">Pa\u0161to \u017eenklas, skirtas Leipcigo m\u016b\u0161iui. Lenkija. 1991 m.<\/p>\n","protected":false},"excerpt":{"rendered":"<p>Pa\u0161to \u017eenklas, skirtas Leipcigo m\u016b\u0161iui. Lenkija. 1991 m.<\/p>\n","protected":false},"author":1,"featured_media":0,"parent":4152,"menu_order":0,"comment_status":"closed","ping_status":"closed","template":"page-text.php","meta":[],"_links":{"self":[{"href":"https:\/\/ltim.lt\/en\/wp-json\/wp\/v2\/pages\/4320"}],"collection":[{"href":"https:\/\/ltim.lt\/en\/wp-json\/wp\/v2\/pages"}],"about":[{"href":"https:\/\/ltim.lt\/en\/wp-json\/wp\/v2\/types\/page"}],"author":[{"embeddable":true,"href":"https:\/\/ltim.lt\/en\/wp-json\/wp\/v2\/users\/1"}],"replies":[{"embeddable":true,"href":"https:\/\/ltim.lt\/en\/wp-json\/wp\/v2\/comments?post=4320"}],"version-history":[{"count":1,"href":"https:\/\/ltim.lt\/en\/wp-json\/wp\/v2\/pages\/4320\/revisions"}],"predecessor-version":[{"id":4321,"href":"https:\/\/ltim.lt\/en\/wp-json\/wp\/v2\/pages\/4320\/revisions\/4321"}],"up":[{"embeddable":true,"href":"https:\/\/ltim.lt\/en\/wp-json\/wp\/v2\/pages\/4152"}],"wp:attachment":[{"href":"https:\/\/ltim.lt\/en\/wp-json\/wp\/v2\/media?parent=4320"}],"curies":[{"name":"wp","href":"https:\/\/api.w.org\/{rel}","templated":true}]}}