{"id":432,"date":"2018-12-26T15:05:51","date_gmt":"2018-12-26T17:05:51","guid":{"rendered":"http:\/\/ltim.lt\/?page_id=432"},"modified":"2018-12-26T15:05:51","modified_gmt":"2018-12-26T17:05:51","slug":"sinkevicius-kirimalas-edige-edige-szynkiewicz-kirimal-lenkijos-totoriu-jaunimo-aktyvistas-krymo-totoriu-veikejas","status":"publish","type":"page","link":"https:\/\/ltim.lt\/en\/galerija\/zymus-zmones\/sinkevicius-kirimalas-edige-edige-szynkiewicz-kirimal-lenkijos-totoriu-jaunimo-aktyvistas-krymo-totoriu-veikejas\/","title":{"rendered":"\u0160INKEVI\u010cIUS (KIRIMALAS) EDIGE (EDIGE SZYNKIEWICZ (KIRIMAL)) Lenkijos totori\u0173 jaunimo aktyvistas, Krymo totori\u0173 veik\u0117jas"},"content":{"rendered":"<p class=\"qtranxs-available-languages-message qtranxs-available-languages-message-en\">Sorry, this entry is only available in <a href=\"https:\/\/ltim.lt\/lt\/wp-json\/wp\/v2\/pages\/432\" class=\"qtranxs-available-language-link qtranxs-available-language-link-lt\" title=\"Lietuvi\u0173\">Lithuanian<\/a>.<\/p>","protected":false},"excerpt":{"rendered":"<p>Sorry, this entry is only available in Lithuanian.<\/p>\n","protected":false},"author":1,"featured_media":433,"parent":137,"menu_order":0,"comment_status":"closed","ping_status":"closed","template":"page-gallery-inside.php","meta":[],"_links":{"self":[{"href":"https:\/\/ltim.lt\/en\/wp-json\/wp\/v2\/pages\/432"}],"collection":[{"href":"https:\/\/ltim.lt\/en\/wp-json\/wp\/v2\/pages"}],"about":[{"href":"https:\/\/ltim.lt\/en\/wp-json\/wp\/v2\/types\/page"}],"author":[{"embeddable":true,"href":"https:\/\/ltim.lt\/en\/wp-json\/wp\/v2\/users\/1"}],"replies":[{"embeddable":true,"href":"https:\/\/ltim.lt\/en\/wp-json\/wp\/v2\/comments?post=432"}],"version-history":[{"count":1,"href":"https:\/\/ltim.lt\/en\/wp-json\/wp\/v2\/pages\/432\/revisions"}],"predecessor-version":[{"id":434,"href":"https:\/\/ltim.lt\/en\/wp-json\/wp\/v2\/pages\/432\/revisions\/434"}],"up":[{"embeddable":true,"href":"https:\/\/ltim.lt\/en\/wp-json\/wp\/v2\/pages\/137"}],"wp:featuredmedia":[{"embeddable":true,"href":"https:\/\/ltim.lt\/en\/wp-json\/wp\/v2\/media\/433"}],"wp:attachment":[{"href":"https:\/\/ltim.lt\/en\/wp-json\/wp\/v2\/media?parent=432"}],"curies":[{"name":"wp","href":"https:\/\/api.w.org\/{rel}","templated":true}]}}