{"id":4318,"date":"2022-11-30T18:59:18","date_gmt":"2022-11-30T20:59:18","guid":{"rendered":"http:\/\/ltim.lt\/?page_id=4318"},"modified":"2022-11-30T18:59:19","modified_gmt":"2022-11-30T20:59:19","slug":"pasto-zenklas-skirtas-200-metu-konstititucijai-lenkija","status":"publish","type":"page","link":"https:\/\/ltim.lt\/en\/galerija\/numizmatika\/filatelija\/pasto-zenklas-skirtas-200-metu-konstititucijai-lenkija\/","title":{"rendered":"Pa\u0161to \u017eenklas, skirtas 200 met\u0173 konstititucijai. Lenkija"},"content":{"rendered":"\n<p><img loading=\"lazy\" class=\"size-medium aligncenter\" src=\"https:\/\/pirmynpopasauli.files.wordpress.com\/2022\/11\/image-212.png\" width=\"433\" height=\"401\" \/><\/p>\n<p style=\"text-align: center;\">Pa\u0161to \u017eenklas, skirtas 200 met\u0173 konstititucijai. Lenkija. 1991 m.<\/p>\n","protected":false},"excerpt":{"rendered":"<p>Pa\u0161to \u017eenklas, skirtas 200 met\u0173 konstititucijai. Lenkija. 1991 m.<\/p>\n","protected":false},"author":1,"featured_media":0,"parent":4152,"menu_order":0,"comment_status":"closed","ping_status":"closed","template":"page-text.php","meta":[],"_links":{"self":[{"href":"https:\/\/ltim.lt\/en\/wp-json\/wp\/v2\/pages\/4318"}],"collection":[{"href":"https:\/\/ltim.lt\/en\/wp-json\/wp\/v2\/pages"}],"about":[{"href":"https:\/\/ltim.lt\/en\/wp-json\/wp\/v2\/types\/page"}],"author":[{"embeddable":true,"href":"https:\/\/ltim.lt\/en\/wp-json\/wp\/v2\/users\/1"}],"replies":[{"embeddable":true,"href":"https:\/\/ltim.lt\/en\/wp-json\/wp\/v2\/comments?post=4318"}],"version-history":[{"count":1,"href":"https:\/\/ltim.lt\/en\/wp-json\/wp\/v2\/pages\/4318\/revisions"}],"predecessor-version":[{"id":4319,"href":"https:\/\/ltim.lt\/en\/wp-json\/wp\/v2\/pages\/4318\/revisions\/4319"}],"up":[{"embeddable":true,"href":"https:\/\/ltim.lt\/en\/wp-json\/wp\/v2\/pages\/4152"}],"wp:attachment":[{"href":"https:\/\/ltim.lt\/en\/wp-json\/wp\/v2\/media?parent=4318"}],"curies":[{"name":"wp","href":"https:\/\/api.w.org\/{rel}","templated":true}]}}