{"id":4316,"date":"2022-11-30T18:58:00","date_gmt":"2022-11-30T20:58:00","guid":{"rendered":"http:\/\/ltim.lt\/?page_id=4316"},"modified":"2022-11-30T18:58:01","modified_gmt":"2022-11-30T20:58:01","slug":"pasto-zenklai-skirti-uz-jusu-ir-musu-laisve-lenkija","status":"publish","type":"page","link":"https:\/\/ltim.lt\/en\/galerija\/numizmatika\/filatelija\/pasto-zenklai-skirti-uz-jusu-ir-musu-laisve-lenkija\/","title":{"rendered":"Pa\u0161to \u017eenklai, skirti \u201eU\u017e J\u016bs\u0173 ir m\u016bs\u0173 laisv\u0119\u201c. Lenkija"},"content":{"rendered":"\n<p><img loading=\"lazy\" class=\"aligncenter size-medium\" src=\"https:\/\/pirmynpopasauli.files.wordpress.com\/2022\/11\/image-211.png\" width=\"506\" height=\"427\" \/><\/p>\n<p style=\"text-align: center;\">Pa\u0161to \u017eenklai, skirti \u201eU\u017e J\u016bs\u0173 ir m\u016bs\u0173 laisv\u0119\u201c. Lenkija. 1975 m.<\/p>\n","protected":false},"excerpt":{"rendered":"<p>Pa\u0161to \u017eenklai, skirti \u201eU\u017e J\u016bs\u0173 ir m\u016bs\u0173 laisv\u0119\u201c. Lenkija. 1975 m.<\/p>\n","protected":false},"author":1,"featured_media":0,"parent":4152,"menu_order":0,"comment_status":"closed","ping_status":"closed","template":"page-text.php","meta":[],"_links":{"self":[{"href":"https:\/\/ltim.lt\/en\/wp-json\/wp\/v2\/pages\/4316"}],"collection":[{"href":"https:\/\/ltim.lt\/en\/wp-json\/wp\/v2\/pages"}],"about":[{"href":"https:\/\/ltim.lt\/en\/wp-json\/wp\/v2\/types\/page"}],"author":[{"embeddable":true,"href":"https:\/\/ltim.lt\/en\/wp-json\/wp\/v2\/users\/1"}],"replies":[{"embeddable":true,"href":"https:\/\/ltim.lt\/en\/wp-json\/wp\/v2\/comments?post=4316"}],"version-history":[{"count":1,"href":"https:\/\/ltim.lt\/en\/wp-json\/wp\/v2\/pages\/4316\/revisions"}],"predecessor-version":[{"id":4317,"href":"https:\/\/ltim.lt\/en\/wp-json\/wp\/v2\/pages\/4316\/revisions\/4317"}],"up":[{"embeddable":true,"href":"https:\/\/ltim.lt\/en\/wp-json\/wp\/v2\/pages\/4152"}],"wp:attachment":[{"href":"https:\/\/ltim.lt\/en\/wp-json\/wp\/v2\/media?parent=4316"}],"curies":[{"name":"wp","href":"https:\/\/api.w.org\/{rel}","templated":true}]}}