{"id":4314,"date":"2022-11-30T18:56:46","date_gmt":"2022-11-30T20:56:46","guid":{"rendered":"http:\/\/ltim.lt\/?page_id=4314"},"modified":"2022-11-30T18:56:47","modified_gmt":"2022-11-30T20:56:47","slug":"pasto-zenklas-skirtas-lietuvos-didziojo-kunigaikscio-ir-lenkijos-karaliaus-zygimanto-augusto-500-gimimo-metams-pamineti-lenkija","status":"publish","type":"page","link":"https:\/\/ltim.lt\/en\/galerija\/numizmatika\/filatelija\/pasto-zenklas-skirtas-lietuvos-didziojo-kunigaikscio-ir-lenkijos-karaliaus-zygimanto-augusto-500-gimimo-metams-pamineti-lenkija\/","title":{"rendered":"Pa\u0161to \u017eenklas, skirtas Lietuvos Did\u017eiojo Kunigaik\u0161\u010dio ir Lenkijos Karaliaus \u017dygimanto Augusto 500 gimimo metams pamin\u0117ti. Lenkija"},"content":{"rendered":"\n<p><img loading=\"lazy\" class=\"aligncenter size-medium\" src=\"https:\/\/pirmynpopasauli.files.wordpress.com\/2022\/11\/image-210.png\" width=\"459\" height=\"516\" \/><\/p>\n<p style=\"text-align: center;\">Pa\u0161to \u017eenklas, skirtas Lietuvos Did\u017eiojo Kunigaik\u0161\u010dio ir Lenkijos Karaliaus \u017dygimanto Augusto 500 gimimo metams pamin\u0117ti. Lenkija. 2020 m.<\/p>\n","protected":false},"excerpt":{"rendered":"<p>Pa\u0161to \u017eenklas, skirtas Lietuvos Did\u017eiojo Kunigaik\u0161\u010dio ir Lenkijos Karaliaus \u017dygimanto Augusto 500 gimimo metams pamin\u0117ti. Lenkija. 2020 m.<\/p>\n","protected":false},"author":1,"featured_media":0,"parent":4152,"menu_order":0,"comment_status":"closed","ping_status":"closed","template":"page-text.php","meta":[],"_links":{"self":[{"href":"https:\/\/ltim.lt\/en\/wp-json\/wp\/v2\/pages\/4314"}],"collection":[{"href":"https:\/\/ltim.lt\/en\/wp-json\/wp\/v2\/pages"}],"about":[{"href":"https:\/\/ltim.lt\/en\/wp-json\/wp\/v2\/types\/page"}],"author":[{"embeddable":true,"href":"https:\/\/ltim.lt\/en\/wp-json\/wp\/v2\/users\/1"}],"replies":[{"embeddable":true,"href":"https:\/\/ltim.lt\/en\/wp-json\/wp\/v2\/comments?post=4314"}],"version-history":[{"count":1,"href":"https:\/\/ltim.lt\/en\/wp-json\/wp\/v2\/pages\/4314\/revisions"}],"predecessor-version":[{"id":4315,"href":"https:\/\/ltim.lt\/en\/wp-json\/wp\/v2\/pages\/4314\/revisions\/4315"}],"up":[{"embeddable":true,"href":"https:\/\/ltim.lt\/en\/wp-json\/wp\/v2\/pages\/4152"}],"wp:attachment":[{"href":"https:\/\/ltim.lt\/en\/wp-json\/wp\/v2\/media?parent=4314"}],"curies":[{"name":"wp","href":"https:\/\/api.w.org\/{rel}","templated":true}]}}