{"id":4312,"date":"2022-11-30T18:55:34","date_gmt":"2022-11-30T20:55:34","guid":{"rendered":"http:\/\/ltim.lt\/?page_id=4312"},"modified":"2022-11-30T18:55:35","modified_gmt":"2022-11-30T20:55:35","slug":"pasto-zenklas-skirtas-zalgiriui-musiui-pamineti-lenkija","status":"publish","type":"page","link":"https:\/\/ltim.lt\/en\/galerija\/numizmatika\/filatelija\/pasto-zenklas-skirtas-zalgiriui-musiui-pamineti-lenkija\/","title":{"rendered":"Pa\u0161to \u017eenklas, skirtas \u017dalgiriui m\u016b\u0161iui pamin\u0117ti. Lenkija"},"content":{"rendered":"\n<p><img loading=\"lazy\" class=\"aligncenter size-medium\" src=\"https:\/\/pirmynpopasauli.files.wordpress.com\/2022\/11\/image-209.png\" width=\"724\" height=\"405\" \/><\/p>\n<p style=\"text-align: center;\">Pa\u0161to \u017eenklas, skirtas \u017dalgiriui m\u016b\u0161iui pamin\u0117ti. Lenkija<\/p>\n","protected":false},"excerpt":{"rendered":"<p>Pa\u0161to \u017eenklas, skirtas \u017dalgiriui m\u016b\u0161iui pamin\u0117ti. Lenkija<\/p>\n","protected":false},"author":1,"featured_media":0,"parent":4152,"menu_order":0,"comment_status":"closed","ping_status":"closed","template":"page-text.php","meta":[],"_links":{"self":[{"href":"https:\/\/ltim.lt\/en\/wp-json\/wp\/v2\/pages\/4312"}],"collection":[{"href":"https:\/\/ltim.lt\/en\/wp-json\/wp\/v2\/pages"}],"about":[{"href":"https:\/\/ltim.lt\/en\/wp-json\/wp\/v2\/types\/page"}],"author":[{"embeddable":true,"href":"https:\/\/ltim.lt\/en\/wp-json\/wp\/v2\/users\/1"}],"replies":[{"embeddable":true,"href":"https:\/\/ltim.lt\/en\/wp-json\/wp\/v2\/comments?post=4312"}],"version-history":[{"count":1,"href":"https:\/\/ltim.lt\/en\/wp-json\/wp\/v2\/pages\/4312\/revisions"}],"predecessor-version":[{"id":4313,"href":"https:\/\/ltim.lt\/en\/wp-json\/wp\/v2\/pages\/4312\/revisions\/4313"}],"up":[{"embeddable":true,"href":"https:\/\/ltim.lt\/en\/wp-json\/wp\/v2\/pages\/4152"}],"wp:attachment":[{"href":"https:\/\/ltim.lt\/en\/wp-json\/wp\/v2\/media?parent=4312"}],"curies":[{"name":"wp","href":"https:\/\/api.w.org\/{rel}","templated":true}]}}