{"id":4310,"date":"2022-11-30T18:54:30","date_gmt":"2022-11-30T20:54:30","guid":{"rendered":"http:\/\/ltim.lt\/?page_id=4310"},"modified":"2022-11-30T18:54:31","modified_gmt":"2022-11-30T20:54:31","slug":"pasto-zenklas-skirtas-zalgiriui-musiui-baltarusija","status":"publish","type":"page","link":"https:\/\/ltim.lt\/en\/galerija\/numizmatika\/filatelija\/pasto-zenklas-skirtas-zalgiriui-musiui-baltarusija\/","title":{"rendered":"Pa\u0161to \u017eenklas, skirtas \u017dalgiriui m\u016b\u0161iui. Baltarusija."},"content":{"rendered":"\n<p><img loading=\"lazy\" class=\"aligncenter size-medium\" src=\"https:\/\/pirmynpopasauli.files.wordpress.com\/2022\/11\/image-208.png\" width=\"602\" height=\"416\" \/><\/p>\n<p style=\"text-align: center;\">Pa\u0161to \u017eenklas, skirtas \u017dalgiriui m\u016b\u0161iui. Baltarusija.<\/p>\n","protected":false},"excerpt":{"rendered":"<p>Pa\u0161to \u017eenklas, skirtas \u017dalgiriui m\u016b\u0161iui. Baltarusija.<\/p>\n","protected":false},"author":1,"featured_media":0,"parent":4152,"menu_order":0,"comment_status":"closed","ping_status":"closed","template":"page-text.php","meta":[],"_links":{"self":[{"href":"https:\/\/ltim.lt\/en\/wp-json\/wp\/v2\/pages\/4310"}],"collection":[{"href":"https:\/\/ltim.lt\/en\/wp-json\/wp\/v2\/pages"}],"about":[{"href":"https:\/\/ltim.lt\/en\/wp-json\/wp\/v2\/types\/page"}],"author":[{"embeddable":true,"href":"https:\/\/ltim.lt\/en\/wp-json\/wp\/v2\/users\/1"}],"replies":[{"embeddable":true,"href":"https:\/\/ltim.lt\/en\/wp-json\/wp\/v2\/comments?post=4310"}],"version-history":[{"count":1,"href":"https:\/\/ltim.lt\/en\/wp-json\/wp\/v2\/pages\/4310\/revisions"}],"predecessor-version":[{"id":4311,"href":"https:\/\/ltim.lt\/en\/wp-json\/wp\/v2\/pages\/4310\/revisions\/4311"}],"up":[{"embeddable":true,"href":"https:\/\/ltim.lt\/en\/wp-json\/wp\/v2\/pages\/4152"}],"wp:attachment":[{"href":"https:\/\/ltim.lt\/en\/wp-json\/wp\/v2\/media?parent=4310"}],"curies":[{"name":"wp","href":"https:\/\/api.w.org\/{rel}","templated":true}]}}