{"id":4303,"date":"2022-11-30T18:49:01","date_gmt":"2022-11-30T20:49:01","guid":{"rendered":"http:\/\/ltim.lt\/?page_id=4303"},"modified":"2022-11-30T18:49:02","modified_gmt":"2022-11-30T20:49:02","slug":"pasto-zenklas-skirtas-1794-metu-musiui-prie-raclawiscka-pamineti","status":"publish","type":"page","link":"https:\/\/ltim.lt\/en\/galerija\/numizmatika\/filatelija\/pasto-zenklas-skirtas-1794-metu-musiui-prie-raclawiscka-pamineti\/","title":{"rendered":"Pa\u0161to \u017eenklas, skirtas 1794 met\u0173 m\u016b\u0161iui prie Raclawiscka pamin\u0117ti"},"content":{"rendered":"\n<p><img loading=\"lazy\" class=\"aligncenter size-medium\" src=\"https:\/\/pirmynpopasauli.files.wordpress.com\/2022\/11\/image-205.png\" width=\"534\" height=\"399\" \/><\/p>\n<p style=\"text-align: center;\">Pa\u0161to \u017eenklas, skirtas 1794 met\u0173 m\u016b\u0161iui prie Raclawiscka pamin\u0117ti.\u00a0 Lenkija.<\/p>\n","protected":false},"excerpt":{"rendered":"<p>Pa\u0161to \u017eenklas, skirtas 1794 met\u0173 m\u016b\u0161iui prie Raclawiscka pamin\u0117ti.\u00a0 Lenkija.<\/p>\n","protected":false},"author":1,"featured_media":0,"parent":4152,"menu_order":0,"comment_status":"closed","ping_status":"closed","template":"page-text.php","meta":[],"_links":{"self":[{"href":"https:\/\/ltim.lt\/en\/wp-json\/wp\/v2\/pages\/4303"}],"collection":[{"href":"https:\/\/ltim.lt\/en\/wp-json\/wp\/v2\/pages"}],"about":[{"href":"https:\/\/ltim.lt\/en\/wp-json\/wp\/v2\/types\/page"}],"author":[{"embeddable":true,"href":"https:\/\/ltim.lt\/en\/wp-json\/wp\/v2\/users\/1"}],"replies":[{"embeddable":true,"href":"https:\/\/ltim.lt\/en\/wp-json\/wp\/v2\/comments?post=4303"}],"version-history":[{"count":1,"href":"https:\/\/ltim.lt\/en\/wp-json\/wp\/v2\/pages\/4303\/revisions"}],"predecessor-version":[{"id":4304,"href":"https:\/\/ltim.lt\/en\/wp-json\/wp\/v2\/pages\/4303\/revisions\/4304"}],"up":[{"embeddable":true,"href":"https:\/\/ltim.lt\/en\/wp-json\/wp\/v2\/pages\/4152"}],"wp:attachment":[{"href":"https:\/\/ltim.lt\/en\/wp-json\/wp\/v2\/media?parent=4303"}],"curies":[{"name":"wp","href":"https:\/\/api.w.org\/{rel}","templated":true}]}}