{"id":4301,"date":"2022-11-30T18:46:34","date_gmt":"2022-11-30T20:46:34","guid":{"rendered":"http:\/\/ltim.lt\/?page_id=4301"},"modified":"2022-11-30T18:46:35","modified_gmt":"2022-11-30T20:46:35","slug":"pasto-zenklas-skirtas-1863-metu-sukilimui-pamineti","status":"publish","type":"page","link":"https:\/\/ltim.lt\/en\/galerija\/numizmatika\/filatelija\/pasto-zenklas-skirtas-1863-metu-sukilimui-pamineti\/","title":{"rendered":"Pa\u0161to \u017eenklas, skirtas 1863 met\u0173 sukilimui pamin\u0117ti"},"content":{"rendered":"\n<p><img loading=\"lazy\" class=\"aligncenter size-medium\" src=\"https:\/\/pirmynpopasauli.files.wordpress.com\/2022\/11\/image-203.png\" width=\"499\" height=\"327\" \/><\/p>\n<p style=\"text-align: center;\">Pa\u0161to \u017eenklas, skirtas 1863 met\u0173 sukilimui pamin\u0117ti. Lenkija.\u00a0<\/p>\n","protected":false},"excerpt":{"rendered":"<p>Pa\u0161to \u017eenklas, skirtas 1863 met\u0173 sukilimui pamin\u0117ti. Lenkija.\u00a0<\/p>\n","protected":false},"author":1,"featured_media":0,"parent":4152,"menu_order":0,"comment_status":"closed","ping_status":"closed","template":"page-text.php","meta":[],"_links":{"self":[{"href":"https:\/\/ltim.lt\/en\/wp-json\/wp\/v2\/pages\/4301"}],"collection":[{"href":"https:\/\/ltim.lt\/en\/wp-json\/wp\/v2\/pages"}],"about":[{"href":"https:\/\/ltim.lt\/en\/wp-json\/wp\/v2\/types\/page"}],"author":[{"embeddable":true,"href":"https:\/\/ltim.lt\/en\/wp-json\/wp\/v2\/users\/1"}],"replies":[{"embeddable":true,"href":"https:\/\/ltim.lt\/en\/wp-json\/wp\/v2\/comments?post=4301"}],"version-history":[{"count":1,"href":"https:\/\/ltim.lt\/en\/wp-json\/wp\/v2\/pages\/4301\/revisions"}],"predecessor-version":[{"id":4302,"href":"https:\/\/ltim.lt\/en\/wp-json\/wp\/v2\/pages\/4301\/revisions\/4302"}],"up":[{"embeddable":true,"href":"https:\/\/ltim.lt\/en\/wp-json\/wp\/v2\/pages\/4152"}],"wp:attachment":[{"href":"https:\/\/ltim.lt\/en\/wp-json\/wp\/v2\/media?parent=4301"}],"curies":[{"name":"wp","href":"https:\/\/api.w.org\/{rel}","templated":true}]}}