{"id":4299,"date":"2022-11-30T18:45:14","date_gmt":"2022-11-30T20:45:14","guid":{"rendered":"http:\/\/ltim.lt\/?page_id=4299"},"modified":"2022-11-30T18:45:14","modified_gmt":"2022-11-30T20:45:14","slug":"pasto-zenklas-skirtas-1794-metu-t-kosciuskos-sukilimo-160-metu-sukakties-paminejimui","status":"publish","type":"page","link":"https:\/\/ltim.lt\/en\/galerija\/numizmatika\/filatelija\/pasto-zenklas-skirtas-1794-metu-t-kosciuskos-sukilimo-160-metu-sukakties-paminejimui\/","title":{"rendered":"Pa\u0161to \u017eenklas, skirtas 1794 met\u0173 T. Kos\u010diu\u0161kos sukilimo 160 met\u0173 sukakties pamin\u0117jimui"},"content":{"rendered":"\n<p><img loading=\"lazy\" class=\"aligncenter size-medium\" src=\"https:\/\/pirmynpopasauli.files.wordpress.com\/2022\/11\/image-202.png\" width=\"478\" height=\"330\" \/><\/p>\n<p style=\"text-align: center;\">Pa\u0161to \u017eenklas, skirtas 1794 met\u0173 T. Kos\u010diu\u0161kos sukilimo 160 met\u0173 sukakties pamin\u0117jimui. 1954 m. Lenkija.<\/p>\n","protected":false},"excerpt":{"rendered":"<p>Pa\u0161to \u017eenklas, skirtas 1794 met\u0173 T. Kos\u010diu\u0161kos sukilimo 160 met\u0173 sukakties pamin\u0117jimui. 1954 m. Lenkija.<\/p>\n","protected":false},"author":1,"featured_media":0,"parent":4152,"menu_order":0,"comment_status":"closed","ping_status":"closed","template":"page-text.php","meta":[],"_links":{"self":[{"href":"https:\/\/ltim.lt\/en\/wp-json\/wp\/v2\/pages\/4299"}],"collection":[{"href":"https:\/\/ltim.lt\/en\/wp-json\/wp\/v2\/pages"}],"about":[{"href":"https:\/\/ltim.lt\/en\/wp-json\/wp\/v2\/types\/page"}],"author":[{"embeddable":true,"href":"https:\/\/ltim.lt\/en\/wp-json\/wp\/v2\/users\/1"}],"replies":[{"embeddable":true,"href":"https:\/\/ltim.lt\/en\/wp-json\/wp\/v2\/comments?post=4299"}],"version-history":[{"count":1,"href":"https:\/\/ltim.lt\/en\/wp-json\/wp\/v2\/pages\/4299\/revisions"}],"predecessor-version":[{"id":4300,"href":"https:\/\/ltim.lt\/en\/wp-json\/wp\/v2\/pages\/4299\/revisions\/4300"}],"up":[{"embeddable":true,"href":"https:\/\/ltim.lt\/en\/wp-json\/wp\/v2\/pages\/4152"}],"wp:attachment":[{"href":"https:\/\/ltim.lt\/en\/wp-json\/wp\/v2\/media?parent=4299"}],"curies":[{"name":"wp","href":"https:\/\/api.w.org\/{rel}","templated":true}]}}