{"id":4296,"date":"2022-11-30T18:40:41","date_gmt":"2022-11-30T20:40:41","guid":{"rendered":"http:\/\/ltim.lt\/?page_id=4296"},"modified":"2022-11-30T18:40:42","modified_gmt":"2022-11-30T20:40:42","slug":"pasto-zenklai-skirti-tadeusza-kosciuszka-150-metu-mirties-paminejimui","status":"publish","type":"page","link":"https:\/\/ltim.lt\/en\/galerija\/numizmatika\/filatelija\/pasto-zenklai-skirti-tadeusza-kosciuszka-150-metu-mirties-paminejimui\/","title":{"rendered":"Pa\u0161to \u017eenklai, skirti Tadeusza Kosciuszka 150 met\u0173 mirties pamin\u0117jimui"},"content":{"rendered":"\n<p><img loading=\"lazy\" class=\"aligncenter size-medium\" src=\"https:\/\/pirmynpopasauli.files.wordpress.com\/2022\/11\/image-200.png\" width=\"435\" height=\"335\" \/><\/p>\n<p style=\"text-align: center;\">Pa\u0161to \u017eenklai, skirti Tadeusza Kosciuszka 150 met\u0173 mirties pamin\u0117jimui. Lenkija.<\/p>\n","protected":false},"excerpt":{"rendered":"<p>Pa\u0161to \u017eenklai, skirti Tadeusza Kosciuszka 150 met\u0173 mirties pamin\u0117jimui. Lenkija.<\/p>\n","protected":false},"author":1,"featured_media":0,"parent":4152,"menu_order":0,"comment_status":"closed","ping_status":"closed","template":"page-text.php","meta":[],"_links":{"self":[{"href":"https:\/\/ltim.lt\/en\/wp-json\/wp\/v2\/pages\/4296"}],"collection":[{"href":"https:\/\/ltim.lt\/en\/wp-json\/wp\/v2\/pages"}],"about":[{"href":"https:\/\/ltim.lt\/en\/wp-json\/wp\/v2\/types\/page"}],"author":[{"embeddable":true,"href":"https:\/\/ltim.lt\/en\/wp-json\/wp\/v2\/users\/1"}],"replies":[{"embeddable":true,"href":"https:\/\/ltim.lt\/en\/wp-json\/wp\/v2\/comments?post=4296"}],"version-history":[{"count":1,"href":"https:\/\/ltim.lt\/en\/wp-json\/wp\/v2\/pages\/4296\/revisions"}],"predecessor-version":[{"id":4297,"href":"https:\/\/ltim.lt\/en\/wp-json\/wp\/v2\/pages\/4296\/revisions\/4297"}],"up":[{"embeddable":true,"href":"https:\/\/ltim.lt\/en\/wp-json\/wp\/v2\/pages\/4152"}],"wp:attachment":[{"href":"https:\/\/ltim.lt\/en\/wp-json\/wp\/v2\/media?parent=4296"}],"curies":[{"name":"wp","href":"https:\/\/api.w.org\/{rel}","templated":true}]}}