{"id":4292,"date":"2022-11-30T18:36:37","date_gmt":"2022-11-30T20:36:37","guid":{"rendered":"http:\/\/ltim.lt\/?page_id=4292"},"modified":"2022-11-30T18:37:37","modified_gmt":"2022-11-30T20:37:37","slug":"pasto-zenklai-skirti-lengvajai-kavalerijai-vokietijos-demokratine-respublika","status":"publish","type":"page","link":"https:\/\/ltim.lt\/en\/galerija\/numizmatika\/filatelija\/pasto-zenklai-skirti-lengvajai-kavalerijai-vokietijos-demokratine-respublika\/","title":{"rendered":"Pa\u0161to \u017eenklai skirti lengvajai kavalerijai. Vokietijos Demokratin\u0117 Respublika."},"content":{"rendered":"\n<p><img loading=\"lazy\" class=\"size-medium aligncenter\" src=\"https:\/\/pirmynpopasauli.files.wordpress.com\/2022\/11\/image-199.png\" width=\"270\" height=\"377\" \/><\/p>\n<p style=\"text-align: center;\">Pa\u0161to \u017eenklai skirti lengvajai kavalerijai. Vokietijos Demokratin\u0117 Respublika. 1978 m.<\/p>\n","protected":false},"excerpt":{"rendered":"<p>Pa\u0161to \u017eenklai skirti lengvajai kavalerijai. Vokietijos Demokratin\u0117 Respublika. 1978 m.<\/p>\n","protected":false},"author":1,"featured_media":0,"parent":4152,"menu_order":0,"comment_status":"closed","ping_status":"closed","template":"page-text.php","meta":[],"_links":{"self":[{"href":"https:\/\/ltim.lt\/en\/wp-json\/wp\/v2\/pages\/4292"}],"collection":[{"href":"https:\/\/ltim.lt\/en\/wp-json\/wp\/v2\/pages"}],"about":[{"href":"https:\/\/ltim.lt\/en\/wp-json\/wp\/v2\/types\/page"}],"author":[{"embeddable":true,"href":"https:\/\/ltim.lt\/en\/wp-json\/wp\/v2\/users\/1"}],"replies":[{"embeddable":true,"href":"https:\/\/ltim.lt\/en\/wp-json\/wp\/v2\/comments?post=4292"}],"version-history":[{"count":1,"href":"https:\/\/ltim.lt\/en\/wp-json\/wp\/v2\/pages\/4292\/revisions"}],"predecessor-version":[{"id":4295,"href":"https:\/\/ltim.lt\/en\/wp-json\/wp\/v2\/pages\/4292\/revisions\/4295"}],"up":[{"embeddable":true,"href":"https:\/\/ltim.lt\/en\/wp-json\/wp\/v2\/pages\/4152"}],"wp:attachment":[{"href":"https:\/\/ltim.lt\/en\/wp-json\/wp\/v2\/media?parent=4292"}],"curies":[{"name":"wp","href":"https:\/\/api.w.org\/{rel}","templated":true}]}}