{"id":4285,"date":"2022-11-30T18:29:29","date_gmt":"2022-11-30T20:29:29","guid":{"rendered":"http:\/\/ltim.lt\/?page_id=4285"},"modified":"2022-11-30T18:29:30","modified_gmt":"2022-11-30T20:29:30","slug":"medalis-skirtas-vytautui-didziajam","status":"publish","type":"page","link":"https:\/\/ltim.lt\/en\/galerija\/numizmatika\/faleristika\/medalis-skirtas-vytautui-didziajam\/","title":{"rendered":"Medalis, skirtas Vytautui Did\u017eiajam"},"content":{"rendered":"\n<p><img loading=\"lazy\" class=\"aligncenter size-medium\" src=\"https:\/\/pirmynpopasauli.files.wordpress.com\/2022\/11\/image-193.png\" width=\"415\" height=\"353\" \/><\/p>\n<p><img loading=\"lazy\" class=\"aligncenter size-medium\" src=\"https:\/\/pirmynpopasauli.files.wordpress.com\/2022\/11\/image-194.png\" width=\"456\" height=\"406\" \/><\/p>\n<p style=\"text-align: center;\">Medalis, skirtas Vytautui Did\u017eiajam. XX a. 4 de\u0161. Autorius P. Rim\u0161a.<\/p>\n","protected":false},"excerpt":{"rendered":"<p>Medalis, skirtas Vytautui Did\u017eiajam. XX a. 4 de\u0161. Autorius P. Rim\u0161a.<\/p>\n","protected":false},"author":1,"featured_media":0,"parent":4232,"menu_order":0,"comment_status":"closed","ping_status":"closed","template":"page-text.php","meta":[],"_links":{"self":[{"href":"https:\/\/ltim.lt\/en\/wp-json\/wp\/v2\/pages\/4285"}],"collection":[{"href":"https:\/\/ltim.lt\/en\/wp-json\/wp\/v2\/pages"}],"about":[{"href":"https:\/\/ltim.lt\/en\/wp-json\/wp\/v2\/types\/page"}],"author":[{"embeddable":true,"href":"https:\/\/ltim.lt\/en\/wp-json\/wp\/v2\/users\/1"}],"replies":[{"embeddable":true,"href":"https:\/\/ltim.lt\/en\/wp-json\/wp\/v2\/comments?post=4285"}],"version-history":[{"count":1,"href":"https:\/\/ltim.lt\/en\/wp-json\/wp\/v2\/pages\/4285\/revisions"}],"predecessor-version":[{"id":4286,"href":"https:\/\/ltim.lt\/en\/wp-json\/wp\/v2\/pages\/4285\/revisions\/4286"}],"up":[{"embeddable":true,"href":"https:\/\/ltim.lt\/en\/wp-json\/wp\/v2\/pages\/4232"}],"wp:attachment":[{"href":"https:\/\/ltim.lt\/en\/wp-json\/wp\/v2\/media?parent=4285"}],"curies":[{"name":"wp","href":"https:\/\/api.w.org\/{rel}","templated":true}]}}