{"id":4283,"date":"2022-11-30T18:30:55","date_gmt":"2022-11-30T20:30:55","guid":{"rendered":"http:\/\/ltim.lt\/?page_id=4283"},"modified":"2022-11-30T18:38:33","modified_gmt":"2022-11-30T20:38:33","slug":"zenklas-isleistas-vytauto-didziojo-karo-muziejaus-devyniasdesimt-metu-proga","status":"publish","type":"page","link":"https:\/\/ltim.lt\/en\/galerija\/numizmatika\/filatelija\/zenklas-isleistas-vytauto-didziojo-karo-muziejaus-devyniasdesimt-metu-proga\/","title":{"rendered":"\u017denklas, i\u0161leistas Vytauto Did\u017eiojo karo muziejaus devyniasde\u0161imt met\u0173 proga"},"content":{"rendered":"\n<p><img loading=\"lazy\" class=\"aligncenter size-medium\" src=\"https:\/\/pirmynpopasauli.files.wordpress.com\/2022\/11\/image-195.png\" width=\"404\" height=\"429\" \/><\/p>\n<p style=\"text-align: center;\">\u017denklas, i\u0161leistas Vytauto Did\u017eiojo karo muziejaus devyniasde\u0161imt met\u0173 proga. Autorius A. Poci\u016bnas.<\/p>\n","protected":false},"excerpt":{"rendered":"<p>\u017denklas, i\u0161leistas Vytauto Did\u017eiojo karo muziejaus devyniasde\u0161imt met\u0173 proga. Autorius A. Poci\u016bnas.<\/p>\n","protected":false},"author":1,"featured_media":0,"parent":4152,"menu_order":0,"comment_status":"closed","ping_status":"closed","template":"page-text.php","meta":[],"_links":{"self":[{"href":"https:\/\/ltim.lt\/en\/wp-json\/wp\/v2\/pages\/4283"}],"collection":[{"href":"https:\/\/ltim.lt\/en\/wp-json\/wp\/v2\/pages"}],"about":[{"href":"https:\/\/ltim.lt\/en\/wp-json\/wp\/v2\/types\/page"}],"author":[{"embeddable":true,"href":"https:\/\/ltim.lt\/en\/wp-json\/wp\/v2\/users\/1"}],"replies":[{"embeddable":true,"href":"https:\/\/ltim.lt\/en\/wp-json\/wp\/v2\/comments?post=4283"}],"version-history":[{"count":1,"href":"https:\/\/ltim.lt\/en\/wp-json\/wp\/v2\/pages\/4283\/revisions"}],"predecessor-version":[{"id":4287,"href":"https:\/\/ltim.lt\/en\/wp-json\/wp\/v2\/pages\/4283\/revisions\/4287"}],"up":[{"embeddable":true,"href":"https:\/\/ltim.lt\/en\/wp-json\/wp\/v2\/pages\/4152"}],"wp:attachment":[{"href":"https:\/\/ltim.lt\/en\/wp-json\/wp\/v2\/media?parent=4283"}],"curies":[{"name":"wp","href":"https:\/\/api.w.org\/{rel}","templated":true}]}}