{"id":4276,"date":"2022-11-30T18:22:36","date_gmt":"2022-11-30T20:22:36","guid":{"rendered":"http:\/\/ltim.lt\/?page_id=4276"},"modified":"2022-11-30T18:22:38","modified_gmt":"2022-11-30T20:22:38","slug":"medalis-skirtas-zalgirio-musiui","status":"publish","type":"page","link":"https:\/\/ltim.lt\/en\/galerija\/numizmatika\/faleristika\/medalis-skirtas-zalgirio-musiui\/","title":{"rendered":"Medalis, skirtas \u017dalgirio m\u016b\u0161iui"},"content":{"rendered":"\n<p><img loading=\"lazy\" class=\"aligncenter size-medium\" src=\"https:\/\/pirmynpopasauli.files.wordpress.com\/2022\/11\/image-186.png\" width=\"323\" height=\"311\" \/><\/p>\n<p style=\"text-align: center;\">Medalis, skirtas \u017dalgirio m\u016b\u0161iui. 2010 m. \u017dalvaris.<\/p>\n","protected":false},"excerpt":{"rendered":"<p>Medalis, skirtas \u017dalgirio m\u016b\u0161iui. 2010 m. \u017dalvaris.<\/p>\n","protected":false},"author":1,"featured_media":0,"parent":4232,"menu_order":0,"comment_status":"closed","ping_status":"closed","template":"page-text.php","meta":[],"_links":{"self":[{"href":"https:\/\/ltim.lt\/en\/wp-json\/wp\/v2\/pages\/4276"}],"collection":[{"href":"https:\/\/ltim.lt\/en\/wp-json\/wp\/v2\/pages"}],"about":[{"href":"https:\/\/ltim.lt\/en\/wp-json\/wp\/v2\/types\/page"}],"author":[{"embeddable":true,"href":"https:\/\/ltim.lt\/en\/wp-json\/wp\/v2\/users\/1"}],"replies":[{"embeddable":true,"href":"https:\/\/ltim.lt\/en\/wp-json\/wp\/v2\/comments?post=4276"}],"version-history":[{"count":1,"href":"https:\/\/ltim.lt\/en\/wp-json\/wp\/v2\/pages\/4276\/revisions"}],"predecessor-version":[{"id":4277,"href":"https:\/\/ltim.lt\/en\/wp-json\/wp\/v2\/pages\/4276\/revisions\/4277"}],"up":[{"embeddable":true,"href":"https:\/\/ltim.lt\/en\/wp-json\/wp\/v2\/pages\/4232"}],"wp:attachment":[{"href":"https:\/\/ltim.lt\/en\/wp-json\/wp\/v2\/media?parent=4276"}],"curies":[{"name":"wp","href":"https:\/\/api.w.org\/{rel}","templated":true}]}}