{"id":426,"date":"2018-12-26T15:00:34","date_gmt":"2018-12-26T17:00:34","guid":{"rendered":"http:\/\/ltim.lt\/?page_id=426"},"modified":"2018-12-26T15:00:34","modified_gmt":"2018-12-26T17:00:34","slug":"makulavicius-danielius-raiziu-mecetes-imamas","status":"publish","type":"page","link":"https:\/\/ltim.lt\/en\/galerija\/zymus-zmones\/makulavicius-danielius-raiziu-mecetes-imamas\/","title":{"rendered":"MAKULAVI\u010cIUS DANIELIUS Rai\u017ei\u0173 me\u010det\u0117s imamas"},"content":{"rendered":"<p class=\"qtranxs-available-languages-message qtranxs-available-languages-message-en\">Sorry, this entry is only available in <a href=\"https:\/\/ltim.lt\/lt\/wp-json\/wp\/v2\/pages\/426\" class=\"qtranxs-available-language-link qtranxs-available-language-link-lt\" title=\"Lietuvi\u0173\">Lithuanian<\/a>.<\/p>","protected":false},"excerpt":{"rendered":"<p>Sorry, this entry is only available in Lithuanian.<\/p>\n","protected":false},"author":1,"featured_media":427,"parent":137,"menu_order":0,"comment_status":"closed","ping_status":"closed","template":"page-gallery-inside.php","meta":[],"_links":{"self":[{"href":"https:\/\/ltim.lt\/en\/wp-json\/wp\/v2\/pages\/426"}],"collection":[{"href":"https:\/\/ltim.lt\/en\/wp-json\/wp\/v2\/pages"}],"about":[{"href":"https:\/\/ltim.lt\/en\/wp-json\/wp\/v2\/types\/page"}],"author":[{"embeddable":true,"href":"https:\/\/ltim.lt\/en\/wp-json\/wp\/v2\/users\/1"}],"replies":[{"embeddable":true,"href":"https:\/\/ltim.lt\/en\/wp-json\/wp\/v2\/comments?post=426"}],"version-history":[{"count":1,"href":"https:\/\/ltim.lt\/en\/wp-json\/wp\/v2\/pages\/426\/revisions"}],"predecessor-version":[{"id":428,"href":"https:\/\/ltim.lt\/en\/wp-json\/wp\/v2\/pages\/426\/revisions\/428"}],"up":[{"embeddable":true,"href":"https:\/\/ltim.lt\/en\/wp-json\/wp\/v2\/pages\/137"}],"wp:featuredmedia":[{"embeddable":true,"href":"https:\/\/ltim.lt\/en\/wp-json\/wp\/v2\/media\/427"}],"wp:attachment":[{"href":"https:\/\/ltim.lt\/en\/wp-json\/wp\/v2\/media?parent=426"}],"curies":[{"name":"wp","href":"https:\/\/api.w.org\/{rel}","templated":true}]}}