{"id":4256,"date":"2022-11-30T18:13:25","date_gmt":"2022-11-30T20:13:25","guid":{"rendered":"http:\/\/ltim.lt\/?page_id=4256"},"modified":"2022-11-30T18:13:26","modified_gmt":"2022-11-30T20:13:26","slug":"zenklas-skirtas-1812-persikelimui-per-nemuna","status":"publish","type":"page","link":"https:\/\/ltim.lt\/en\/galerija\/numizmatika\/faleristika\/zenklas-skirtas-1812-persikelimui-per-nemuna\/","title":{"rendered":"\u017denklas, skirtas 1812 persik\u0117limui per Nemun\u0105"},"content":{"rendered":"\n<p><img loading=\"lazy\" class=\"aligncenter size-medium\" src=\"https:\/\/pirmynpopasauli.files.wordpress.com\/2022\/11\/image-177.png\" width=\"362\" height=\"699\" \/><\/p>\n<p style=\"text-align: center;\">\u017denklas, skirtas 1812 persik\u0117limui per Nemun\u0105. 2012 metai.<\/p>\n","protected":false},"excerpt":{"rendered":"<p>\u017denklas, skirtas 1812 persik\u0117limui per Nemun\u0105. 2012 metai.<\/p>\n","protected":false},"author":1,"featured_media":0,"parent":4232,"menu_order":0,"comment_status":"closed","ping_status":"closed","template":"page-text.php","meta":[],"_links":{"self":[{"href":"https:\/\/ltim.lt\/en\/wp-json\/wp\/v2\/pages\/4256"}],"collection":[{"href":"https:\/\/ltim.lt\/en\/wp-json\/wp\/v2\/pages"}],"about":[{"href":"https:\/\/ltim.lt\/en\/wp-json\/wp\/v2\/types\/page"}],"author":[{"embeddable":true,"href":"https:\/\/ltim.lt\/en\/wp-json\/wp\/v2\/users\/1"}],"replies":[{"embeddable":true,"href":"https:\/\/ltim.lt\/en\/wp-json\/wp\/v2\/comments?post=4256"}],"version-history":[{"count":1,"href":"https:\/\/ltim.lt\/en\/wp-json\/wp\/v2\/pages\/4256\/revisions"}],"predecessor-version":[{"id":4258,"href":"https:\/\/ltim.lt\/en\/wp-json\/wp\/v2\/pages\/4256\/revisions\/4258"}],"up":[{"embeddable":true,"href":"https:\/\/ltim.lt\/en\/wp-json\/wp\/v2\/pages\/4232"}],"wp:attachment":[{"href":"https:\/\/ltim.lt\/en\/wp-json\/wp\/v2\/media?parent=4256"}],"curies":[{"name":"wp","href":"https:\/\/api.w.org\/{rel}","templated":true}]}}