{"id":4254,"date":"2022-11-30T18:12:00","date_gmt":"2022-11-30T20:12:00","guid":{"rendered":"http:\/\/ltim.lt\/?page_id=4254"},"modified":"2022-11-30T18:12:01","modified_gmt":"2022-11-30T20:12:01","slug":"zenklas-kokarda-lietuvos-totoriu-imperatoriaus-napaleono-armijoje","status":"publish","type":"page","link":"https:\/\/ltim.lt\/en\/galerija\/numizmatika\/faleristika\/zenklas-kokarda-lietuvos-totoriu-imperatoriaus-napaleono-armijoje\/","title":{"rendered":"\u017denklas (kokarda) Lietuvos totori\u0173 Imperatoriaus Napaleono armijoje"},"content":{"rendered":"\n<p><img loading=\"lazy\" class=\"aligncenter size-medium\" src=\"https:\/\/pirmynpopasauli.files.wordpress.com\/2022\/11\/image-176.png\" width=\"653\" height=\"666\" \/><\/p>\n<p style=\"text-align: center;\">\u017denklas (kokarda) Lietuvos totori\u0173 Imperatoriaus Napaleono armijoje kopija. \u017dalvaris.<\/p>\n","protected":false},"excerpt":{"rendered":"<p>\u017denklas (kokarda) Lietuvos totori\u0173 Imperatoriaus Napaleono armijoje kopija. \u017dalvaris.<\/p>\n","protected":false},"author":1,"featured_media":0,"parent":4232,"menu_order":0,"comment_status":"closed","ping_status":"closed","template":"page-text.php","meta":[],"_links":{"self":[{"href":"https:\/\/ltim.lt\/en\/wp-json\/wp\/v2\/pages\/4254"}],"collection":[{"href":"https:\/\/ltim.lt\/en\/wp-json\/wp\/v2\/pages"}],"about":[{"href":"https:\/\/ltim.lt\/en\/wp-json\/wp\/v2\/types\/page"}],"author":[{"embeddable":true,"href":"https:\/\/ltim.lt\/en\/wp-json\/wp\/v2\/users\/1"}],"replies":[{"embeddable":true,"href":"https:\/\/ltim.lt\/en\/wp-json\/wp\/v2\/comments?post=4254"}],"version-history":[{"count":1,"href":"https:\/\/ltim.lt\/en\/wp-json\/wp\/v2\/pages\/4254\/revisions"}],"predecessor-version":[{"id":4255,"href":"https:\/\/ltim.lt\/en\/wp-json\/wp\/v2\/pages\/4254\/revisions\/4255"}],"up":[{"embeddable":true,"href":"https:\/\/ltim.lt\/en\/wp-json\/wp\/v2\/pages\/4232"}],"wp:attachment":[{"href":"https:\/\/ltim.lt\/en\/wp-json\/wp\/v2\/media?parent=4254"}],"curies":[{"name":"wp","href":"https:\/\/api.w.org\/{rel}","templated":true}]}}