{"id":4241,"date":"2022-11-30T18:01:57","date_gmt":"2022-11-30T20:01:57","guid":{"rendered":"http:\/\/ltim.lt\/?page_id=4241"},"modified":"2022-11-30T18:02:29","modified_gmt":"2022-11-30T20:02:29","slug":"zenkliukas-skirtas-zalgirio-musiui-leidejas-lietuvos-krymo-totoriu-kulturos-draugija","status":"publish","type":"page","link":"https:\/\/ltim.lt\/en\/galerija\/numizmatika\/faleristika\/zenkliukas-skirtas-zalgirio-musiui-leidejas-lietuvos-krymo-totoriu-kulturos-draugija\/","title":{"rendered":"\u017dalvarinis \u017eenkliukas, skirtas \u017dalgirio m\u016b\u0161iui. Leid\u0117jas &#8211; Lietuvos-Krymo totori\u0173 kult\u016bros draugija"},"content":{"rendered":"\n<p><img loading=\"lazy\" class=\"aligncenter size-medium\" src=\"https:\/\/pirmynpopasauli.files.wordpress.com\/2022\/11\/image-169.png\" width=\"351\" height=\"370\" \/><\/p>\n<p style=\"text-align: center;\">\u017dalvarinis \u017eenkliukas, skirtas \u017dalgirio m\u016b\u0161iui. Leid\u0117jas &#8211; Lietuvos-Krymo totori\u0173 kult\u016bros draugija.\u00a0<\/p>\n","protected":false},"excerpt":{"rendered":"<p>\u017dalvarinis \u017eenkliukas, skirtas \u017dalgirio m\u016b\u0161iui. Leid\u0117jas &#8211; Lietuvos-Krymo totori\u0173 kult\u016bros draugija.\u00a0<\/p>\n","protected":false},"author":1,"featured_media":0,"parent":4232,"menu_order":0,"comment_status":"closed","ping_status":"closed","template":"page-text.php","meta":[],"_links":{"self":[{"href":"https:\/\/ltim.lt\/en\/wp-json\/wp\/v2\/pages\/4241"}],"collection":[{"href":"https:\/\/ltim.lt\/en\/wp-json\/wp\/v2\/pages"}],"about":[{"href":"https:\/\/ltim.lt\/en\/wp-json\/wp\/v2\/types\/page"}],"author":[{"embeddable":true,"href":"https:\/\/ltim.lt\/en\/wp-json\/wp\/v2\/users\/1"}],"replies":[{"embeddable":true,"href":"https:\/\/ltim.lt\/en\/wp-json\/wp\/v2\/comments?post=4241"}],"version-history":[{"count":2,"href":"https:\/\/ltim.lt\/en\/wp-json\/wp\/v2\/pages\/4241\/revisions"}],"predecessor-version":[{"id":4243,"href":"https:\/\/ltim.lt\/en\/wp-json\/wp\/v2\/pages\/4241\/revisions\/4243"}],"up":[{"embeddable":true,"href":"https:\/\/ltim.lt\/en\/wp-json\/wp\/v2\/pages\/4232"}],"wp:attachment":[{"href":"https:\/\/ltim.lt\/en\/wp-json\/wp\/v2\/media?parent=4241"}],"curies":[{"name":"wp","href":"https:\/\/api.w.org\/{rel}","templated":true}]}}