{"id":4239,"date":"2022-11-30T17:59:33","date_gmt":"2022-11-30T19:59:33","guid":{"rendered":"http:\/\/ltim.lt\/?page_id=4239"},"modified":"2022-11-30T17:59:34","modified_gmt":"2022-11-30T19:59:34","slug":"zenkliukas-skirtas-kauno-mecetes-grazinimo-totoriu-bendruomenei-proga","status":"publish","type":"page","link":"https:\/\/ltim.lt\/en\/galerija\/numizmatika\/faleristika\/zenkliukas-skirtas-kauno-mecetes-grazinimo-totoriu-bendruomenei-proga\/","title":{"rendered":"\u017denkliukas, skirtas Kauno me\u010det\u0117s gr\u0105\u017einimo totori\u0173 bendruomenei proga"},"content":{"rendered":"\n<p><img loading=\"lazy\" class=\"aligncenter size-medium\" src=\"https:\/\/pirmynpopasauli.files.wordpress.com\/2022\/11\/image-168.png\" width=\"357\" height=\"377\" \/><\/p>\n<p style=\"text-align: center;\">\u017denkliukas, skirtas Kauno me\u010det\u0117s gr\u0105\u017einimo totori\u0173 bendruomenei proga. 1989 m.<\/p>\n","protected":false},"excerpt":{"rendered":"<p>\u017denkliukas, skirtas Kauno me\u010det\u0117s gr\u0105\u017einimo totori\u0173 bendruomenei proga. 1989 m.<\/p>\n","protected":false},"author":1,"featured_media":0,"parent":4232,"menu_order":0,"comment_status":"closed","ping_status":"closed","template":"page-text.php","meta":[],"_links":{"self":[{"href":"https:\/\/ltim.lt\/en\/wp-json\/wp\/v2\/pages\/4239"}],"collection":[{"href":"https:\/\/ltim.lt\/en\/wp-json\/wp\/v2\/pages"}],"about":[{"href":"https:\/\/ltim.lt\/en\/wp-json\/wp\/v2\/types\/page"}],"author":[{"embeddable":true,"href":"https:\/\/ltim.lt\/en\/wp-json\/wp\/v2\/users\/1"}],"replies":[{"embeddable":true,"href":"https:\/\/ltim.lt\/en\/wp-json\/wp\/v2\/comments?post=4239"}],"version-history":[{"count":1,"href":"https:\/\/ltim.lt\/en\/wp-json\/wp\/v2\/pages\/4239\/revisions"}],"predecessor-version":[{"id":4240,"href":"https:\/\/ltim.lt\/en\/wp-json\/wp\/v2\/pages\/4239\/revisions\/4240"}],"up":[{"embeddable":true,"href":"https:\/\/ltim.lt\/en\/wp-json\/wp\/v2\/pages\/4232"}],"wp:attachment":[{"href":"https:\/\/ltim.lt\/en\/wp-json\/wp\/v2\/media?parent=4239"}],"curies":[{"name":"wp","href":"https:\/\/api.w.org\/{rel}","templated":true}]}}