{"id":4216,"date":"2022-11-30T13:15:03","date_gmt":"2022-11-30T15:15:03","guid":{"rendered":"http:\/\/ltim.lt\/?page_id=4216"},"modified":"2022-11-30T13:15:04","modified_gmt":"2022-11-30T15:15:04","slug":"vokas-skirtas-pamineti-500-metu-orsos-musiui-su-specialiu-antspaudu-ir-pasto-zenklu","status":"publish","type":"page","link":"https:\/\/ltim.lt\/en\/galerija\/numizmatika\/filatelija\/vokas-skirtas-pamineti-500-metu-orsos-musiui-su-specialiu-antspaudu-ir-pasto-zenklu\/","title":{"rendered":"Vokas, skirtas pamin\u0117ti 500 met\u0173 Or\u0161os m\u016b\u0161iui, su specialiu antspaudu ir pa\u0161to \u017eenklu"},"content":{"rendered":"\n<p><img loading=\"lazy\" class=\"aligncenter size-medium\" src=\"https:\/\/pirmynpopasauli.files.wordpress.com\/2022\/11\/image-163.png\" width=\"782\" height=\"575\" \/><\/p>\n<p style=\"text-align: center;\">Vokas, skirtas pamin\u0117ti 500 met\u0173 Or\u0161os m\u016b\u0161iui, su specialiu antspaudu ir pa\u0161to \u017eenklu. 2014 &#8211; 09 &#8211; 06<\/p>\n","protected":false},"excerpt":{"rendered":"<p>Vokas, skirtas pamin\u0117ti 500 met\u0173 Or\u0161os m\u016b\u0161iui, su specialiu antspaudu ir pa\u0161to \u017eenklu. 2014 &#8211; 09 &#8211; 06<\/p>\n","protected":false},"author":1,"featured_media":0,"parent":4152,"menu_order":0,"comment_status":"closed","ping_status":"closed","template":"page-text.php","meta":[],"_links":{"self":[{"href":"https:\/\/ltim.lt\/en\/wp-json\/wp\/v2\/pages\/4216"}],"collection":[{"href":"https:\/\/ltim.lt\/en\/wp-json\/wp\/v2\/pages"}],"about":[{"href":"https:\/\/ltim.lt\/en\/wp-json\/wp\/v2\/types\/page"}],"author":[{"embeddable":true,"href":"https:\/\/ltim.lt\/en\/wp-json\/wp\/v2\/users\/1"}],"replies":[{"embeddable":true,"href":"https:\/\/ltim.lt\/en\/wp-json\/wp\/v2\/comments?post=4216"}],"version-history":[{"count":1,"href":"https:\/\/ltim.lt\/en\/wp-json\/wp\/v2\/pages\/4216\/revisions"}],"predecessor-version":[{"id":4217,"href":"https:\/\/ltim.lt\/en\/wp-json\/wp\/v2\/pages\/4216\/revisions\/4217"}],"up":[{"embeddable":true,"href":"https:\/\/ltim.lt\/en\/wp-json\/wp\/v2\/pages\/4152"}],"wp:attachment":[{"href":"https:\/\/ltim.lt\/en\/wp-json\/wp\/v2\/media?parent=4216"}],"curies":[{"name":"wp","href":"https:\/\/api.w.org\/{rel}","templated":true}]}}