{"id":4214,"date":"2022-11-30T13:13:05","date_gmt":"2022-11-30T15:13:05","guid":{"rendered":"http:\/\/ltim.lt\/?page_id=4214"},"modified":"2022-11-30T13:13:05","modified_gmt":"2022-11-30T15:13:05","slug":"vokas-skirtas-iamzinti-mikalojo-radvilos-juodojo-500-metu-su-specialiu-antspaudu-ir-pasto-zenklu","status":"publish","type":"page","link":"https:\/\/ltim.lt\/en\/galerija\/numizmatika\/filatelija\/vokas-skirtas-iamzinti-mikalojo-radvilos-juodojo-500-metu-su-specialiu-antspaudu-ir-pasto-zenklu\/","title":{"rendered":"Vokas, skirtas \u012fam\u017einti Mikalojo Radvilos Juodojo 500 met\u0173, su specialiu antspaudu ir pa\u0161to \u017eenklu\u00a0"},"content":{"rendered":"\n<p><img loading=\"lazy\" class=\"alignnone size-medium\" src=\"https:\/\/pirmynpopasauli.files.wordpress.com\/2022\/11\/image-162.png\" width=\"770\" height=\"542\" \/><\/p>\n<p style=\"text-align: center;\">Vokas, skirtas \u012fam\u017einti Mikalojo Radvilos Juodojo 500 met\u0173, su specialiu antspaudu ir pa\u0161to \u017eenklu\u00a0<\/p>\n","protected":false},"excerpt":{"rendered":"<p>Vokas, skirtas \u012fam\u017einti Mikalojo Radvilos Juodojo 500 met\u0173, su specialiu antspaudu ir pa\u0161to \u017eenklu\u00a0<\/p>\n","protected":false},"author":1,"featured_media":0,"parent":4152,"menu_order":0,"comment_status":"closed","ping_status":"closed","template":"page-text.php","meta":[],"_links":{"self":[{"href":"https:\/\/ltim.lt\/en\/wp-json\/wp\/v2\/pages\/4214"}],"collection":[{"href":"https:\/\/ltim.lt\/en\/wp-json\/wp\/v2\/pages"}],"about":[{"href":"https:\/\/ltim.lt\/en\/wp-json\/wp\/v2\/types\/page"}],"author":[{"embeddable":true,"href":"https:\/\/ltim.lt\/en\/wp-json\/wp\/v2\/users\/1"}],"replies":[{"embeddable":true,"href":"https:\/\/ltim.lt\/en\/wp-json\/wp\/v2\/comments?post=4214"}],"version-history":[{"count":1,"href":"https:\/\/ltim.lt\/en\/wp-json\/wp\/v2\/pages\/4214\/revisions"}],"predecessor-version":[{"id":4215,"href":"https:\/\/ltim.lt\/en\/wp-json\/wp\/v2\/pages\/4214\/revisions\/4215"}],"up":[{"embeddable":true,"href":"https:\/\/ltim.lt\/en\/wp-json\/wp\/v2\/pages\/4152"}],"wp:attachment":[{"href":"https:\/\/ltim.lt\/en\/wp-json\/wp\/v2\/media?parent=4214"}],"curies":[{"name":"wp","href":"https:\/\/api.w.org\/{rel}","templated":true}]}}