{"id":4212,"date":"2022-11-30T13:10:48","date_gmt":"2022-11-30T15:10:48","guid":{"rendered":"http:\/\/ltim.lt\/?page_id=4212"},"modified":"2022-11-30T13:10:49","modified_gmt":"2022-11-30T15:10:49","slug":"atvirute-skirta-traku-650-metams-su-specialiu-pasto-zenklu-ir-antspaudu","status":"publish","type":"page","link":"https:\/\/ltim.lt\/en\/galerija\/numizmatika\/filatelija\/atvirute-skirta-traku-650-metams-su-specialiu-pasto-zenklu-ir-antspaudu\/","title":{"rendered":"Atvirut\u0117, skirta Trak\u0173 650 metams, su specialiu pa\u0161to \u017eenklu ir antspaudu"},"content":{"rendered":"\n<p><img loading=\"lazy\" class=\"aligncenter size-medium\" src=\"https:\/\/pirmynpopasauli.files.wordpress.com\/2022\/11\/image-161.png\" width=\"796\" height=\"595\" \/><\/p>\n<p style=\"text-align: center;\">Atvirut\u0117, skirta Trak\u0173 650 metams, su specialiu pa\u0161to \u017eenklu ir antspaudu.<\/p>\n","protected":false},"excerpt":{"rendered":"<p>Atvirut\u0117, skirta Trak\u0173 650 metams, su specialiu pa\u0161to \u017eenklu ir antspaudu.<\/p>\n","protected":false},"author":1,"featured_media":0,"parent":4152,"menu_order":0,"comment_status":"closed","ping_status":"closed","template":"page-text.php","meta":[],"_links":{"self":[{"href":"https:\/\/ltim.lt\/en\/wp-json\/wp\/v2\/pages\/4212"}],"collection":[{"href":"https:\/\/ltim.lt\/en\/wp-json\/wp\/v2\/pages"}],"about":[{"href":"https:\/\/ltim.lt\/en\/wp-json\/wp\/v2\/types\/page"}],"author":[{"embeddable":true,"href":"https:\/\/ltim.lt\/en\/wp-json\/wp\/v2\/users\/1"}],"replies":[{"embeddable":true,"href":"https:\/\/ltim.lt\/en\/wp-json\/wp\/v2\/comments?post=4212"}],"version-history":[{"count":1,"href":"https:\/\/ltim.lt\/en\/wp-json\/wp\/v2\/pages\/4212\/revisions"}],"predecessor-version":[{"id":4213,"href":"https:\/\/ltim.lt\/en\/wp-json\/wp\/v2\/pages\/4212\/revisions\/4213"}],"up":[{"embeddable":true,"href":"https:\/\/ltim.lt\/en\/wp-json\/wp\/v2\/pages\/4152"}],"wp:attachment":[{"href":"https:\/\/ltim.lt\/en\/wp-json\/wp\/v2\/media?parent=4212"}],"curies":[{"name":"wp","href":"https:\/\/api.w.org\/{rel}","templated":true}]}}