{"id":4204,"date":"2022-11-30T13:00:58","date_gmt":"2022-11-30T15:00:58","guid":{"rendered":"http:\/\/ltim.lt\/?page_id=4204"},"modified":"2022-11-30T13:00:58","modified_gmt":"2022-11-30T15:00:58","slug":"vokas-skirtas-daugiau-nei-pries-600-metu-lietuvoje-apsigyvenusiems-totoriams","status":"publish","type":"page","link":"https:\/\/ltim.lt\/en\/galerija\/numizmatika\/filatelija\/vokas-skirtas-daugiau-nei-pries-600-metu-lietuvoje-apsigyvenusiems-totoriams\/","title":{"rendered":"Vokas, skirtas daugiau nei prie\u0161 600 met\u0173 Lietuvoje apsigyvenusiems totoriams"},"content":{"rendered":"\n<p><img loading=\"lazy\" class=\"aligncenter size-medium\" src=\"https:\/\/pirmynpopasauli.files.wordpress.com\/2022\/11\/image-157.png\" width=\"752\" height=\"577\" \/><\/p>\n<p style=\"text-align: center;\">Vokas, skirtas daugiau nei prie\u0161 600 met\u0173 Lietuvoje apsigyvenusiems totoriams, kurie vadinami \u201egarbinga, draugi\u0161ka, i\u0161didi ir darb\u0161ti tauta\u201c<\/p>\n","protected":false},"excerpt":{"rendered":"<p>Vokas, skirtas daugiau nei prie\u0161 600 met\u0173 Lietuvoje apsigyvenusiems totoriams, kurie vadinami \u201egarbinga, draugi\u0161ka, i\u0161didi ir darb\u0161ti tauta\u201c<\/p>\n","protected":false},"author":1,"featured_media":0,"parent":4152,"menu_order":0,"comment_status":"closed","ping_status":"closed","template":"page-text.php","meta":[],"_links":{"self":[{"href":"https:\/\/ltim.lt\/en\/wp-json\/wp\/v2\/pages\/4204"}],"collection":[{"href":"https:\/\/ltim.lt\/en\/wp-json\/wp\/v2\/pages"}],"about":[{"href":"https:\/\/ltim.lt\/en\/wp-json\/wp\/v2\/types\/page"}],"author":[{"embeddable":true,"href":"https:\/\/ltim.lt\/en\/wp-json\/wp\/v2\/users\/1"}],"replies":[{"embeddable":true,"href":"https:\/\/ltim.lt\/en\/wp-json\/wp\/v2\/comments?post=4204"}],"version-history":[{"count":1,"href":"https:\/\/ltim.lt\/en\/wp-json\/wp\/v2\/pages\/4204\/revisions"}],"predecessor-version":[{"id":4205,"href":"https:\/\/ltim.lt\/en\/wp-json\/wp\/v2\/pages\/4204\/revisions\/4205"}],"up":[{"embeddable":true,"href":"https:\/\/ltim.lt\/en\/wp-json\/wp\/v2\/pages\/4152"}],"wp:attachment":[{"href":"https:\/\/ltim.lt\/en\/wp-json\/wp\/v2\/media?parent=4204"}],"curies":[{"name":"wp","href":"https:\/\/api.w.org\/{rel}","templated":true}]}}