{"id":4202,"date":"2022-11-30T12:57:15","date_gmt":"2022-11-30T14:57:15","guid":{"rendered":"http:\/\/ltim.lt\/?page_id=4202"},"modified":"2022-11-30T12:57:16","modified_gmt":"2022-11-30T14:57:16","slug":"vokas-kuriame-pavaizduota-kauno-totoriu-mecete","status":"publish","type":"page","link":"https:\/\/ltim.lt\/en\/galerija\/numizmatika\/filatelija\/vokas-kuriame-pavaizduota-kauno-totoriu-mecete\/","title":{"rendered":"Vokas, kuriame pavaizduota Kauno totori\u0173 me\u010det\u0117"},"content":{"rendered":"\n<p><img loading=\"lazy\" class=\"aligncenter size-medium\" src=\"https:\/\/pirmynpopasauli.files.wordpress.com\/2022\/11\/image-156.png\" width=\"805\" height=\"584\" \/><\/p>\n<p style=\"text-align: center;\">Vokas, kuriame pavaizduota Kauno totori\u0173 me\u010det\u0117.<\/p>\n","protected":false},"excerpt":{"rendered":"<p>Vokas, kuriame pavaizduota Kauno totori\u0173 me\u010det\u0117.<\/p>\n","protected":false},"author":1,"featured_media":0,"parent":4152,"menu_order":0,"comment_status":"closed","ping_status":"closed","template":"page-text.php","meta":[],"_links":{"self":[{"href":"https:\/\/ltim.lt\/en\/wp-json\/wp\/v2\/pages\/4202"}],"collection":[{"href":"https:\/\/ltim.lt\/en\/wp-json\/wp\/v2\/pages"}],"about":[{"href":"https:\/\/ltim.lt\/en\/wp-json\/wp\/v2\/types\/page"}],"author":[{"embeddable":true,"href":"https:\/\/ltim.lt\/en\/wp-json\/wp\/v2\/users\/1"}],"replies":[{"embeddable":true,"href":"https:\/\/ltim.lt\/en\/wp-json\/wp\/v2\/comments?post=4202"}],"version-history":[{"count":1,"href":"https:\/\/ltim.lt\/en\/wp-json\/wp\/v2\/pages\/4202\/revisions"}],"predecessor-version":[{"id":4203,"href":"https:\/\/ltim.lt\/en\/wp-json\/wp\/v2\/pages\/4202\/revisions\/4203"}],"up":[{"embeddable":true,"href":"https:\/\/ltim.lt\/en\/wp-json\/wp\/v2\/pages\/4152"}],"wp:attachment":[{"href":"https:\/\/ltim.lt\/en\/wp-json\/wp\/v2\/media?parent=4202"}],"curies":[{"name":"wp","href":"https:\/\/api.w.org\/{rel}","templated":true}]}}