{"id":4200,"date":"2022-11-30T12:55:50","date_gmt":"2022-11-30T14:55:50","guid":{"rendered":"http:\/\/ltim.lt\/?page_id=4200"},"modified":"2022-11-30T12:55:51","modified_gmt":"2022-11-30T14:55:51","slug":"vokas-kuriame-pavaizduotas-dailininko-e-jenerio-paveikslas-totoriai-pas-vytauta-didiji","status":"publish","type":"page","link":"https:\/\/ltim.lt\/en\/galerija\/numizmatika\/filatelija\/vokas-kuriame-pavaizduotas-dailininko-e-jenerio-paveikslas-totoriai-pas-vytauta-didiji\/","title":{"rendered":"Vokas, kuriame pavaizduotas dailininko E. Jenerio paveikslas \u201eTotoriai pas Vytaut\u0105 Did\u012fj\u012f\u201c"},"content":{"rendered":"\n<p><img loading=\"lazy\" class=\"aligncenter size-medium\" src=\"https:\/\/pirmynpopasauli.files.wordpress.com\/2022\/11\/image-155.png\" width=\"816\" height=\"592\" \/><\/p>\n<p style=\"text-align: center;\">Vokas, kuriame pavaizduotas dailininko E. Jenerio paveikslas \u201eTotoriai pas Vytaut\u0105 Did\u012fj\u012f\u201c. Lietuvos isotirja dailinink\u0173 k\u016bryboje, archyvas.<\/p>\n","protected":false},"excerpt":{"rendered":"<p>Vokas, kuriame pavaizduotas dailininko E. Jenerio paveikslas \u201eTotoriai pas Vytaut\u0105 Did\u012fj\u012f\u201c. Lietuvos isotirja dailinink\u0173 k\u016bryboje, archyvas.<\/p>\n","protected":false},"author":1,"featured_media":0,"parent":4152,"menu_order":0,"comment_status":"closed","ping_status":"closed","template":"page-text.php","meta":[],"_links":{"self":[{"href":"https:\/\/ltim.lt\/en\/wp-json\/wp\/v2\/pages\/4200"}],"collection":[{"href":"https:\/\/ltim.lt\/en\/wp-json\/wp\/v2\/pages"}],"about":[{"href":"https:\/\/ltim.lt\/en\/wp-json\/wp\/v2\/types\/page"}],"author":[{"embeddable":true,"href":"https:\/\/ltim.lt\/en\/wp-json\/wp\/v2\/users\/1"}],"replies":[{"embeddable":true,"href":"https:\/\/ltim.lt\/en\/wp-json\/wp\/v2\/comments?post=4200"}],"version-history":[{"count":1,"href":"https:\/\/ltim.lt\/en\/wp-json\/wp\/v2\/pages\/4200\/revisions"}],"predecessor-version":[{"id":4201,"href":"https:\/\/ltim.lt\/en\/wp-json\/wp\/v2\/pages\/4200\/revisions\/4201"}],"up":[{"embeddable":true,"href":"https:\/\/ltim.lt\/en\/wp-json\/wp\/v2\/pages\/4152"}],"wp:attachment":[{"href":"https:\/\/ltim.lt\/en\/wp-json\/wp\/v2\/media?parent=4200"}],"curies":[{"name":"wp","href":"https:\/\/api.w.org\/{rel}","templated":true}]}}