{"id":4190,"date":"2022-11-29T08:54:42","date_gmt":"2022-11-29T10:54:42","guid":{"rendered":"http:\/\/ltim.lt\/?page_id=4190"},"modified":"2022-11-29T08:54:43","modified_gmt":"2022-11-29T10:54:43","slug":"vokas-skirtas-pamineti-didziojo-lietuvos-kunigaikscio-vytauto-valdymo-600-metams","status":"publish","type":"page","link":"https:\/\/ltim.lt\/en\/galerija\/numizmatika\/filatelija\/vokas-skirtas-pamineti-didziojo-lietuvos-kunigaikscio-vytauto-valdymo-600-metams\/","title":{"rendered":"Vokas, skirtas pamin\u0117ti Did\u017eiojo Lietuvos Kunigaik\u0161\u010dio Vytauto valdymo 600 metams"},"content":{"rendered":"\n<p><img loading=\"lazy\" class=\"aligncenter size-medium\" src=\"https:\/\/pirmynpopasauli.files.wordpress.com\/2022\/11\/image-154.png\" width=\"762\" height=\"518\" \/><\/p>\n<p style=\"text-align: center;\">Vokas, skirtas pamin\u0117ti Did\u017eiojo Lietuvos Kunigaik\u0161\u010dio Vytauto valdymo 600 metams<\/p>\n","protected":false},"excerpt":{"rendered":"<p>Vokas, skirtas pamin\u0117ti Did\u017eiojo Lietuvos Kunigaik\u0161\u010dio Vytauto valdymo 600 metams<\/p>\n","protected":false},"author":1,"featured_media":0,"parent":4152,"menu_order":0,"comment_status":"closed","ping_status":"closed","template":"page-text.php","meta":[],"_links":{"self":[{"href":"https:\/\/ltim.lt\/en\/wp-json\/wp\/v2\/pages\/4190"}],"collection":[{"href":"https:\/\/ltim.lt\/en\/wp-json\/wp\/v2\/pages"}],"about":[{"href":"https:\/\/ltim.lt\/en\/wp-json\/wp\/v2\/types\/page"}],"author":[{"embeddable":true,"href":"https:\/\/ltim.lt\/en\/wp-json\/wp\/v2\/users\/1"}],"replies":[{"embeddable":true,"href":"https:\/\/ltim.lt\/en\/wp-json\/wp\/v2\/comments?post=4190"}],"version-history":[{"count":1,"href":"https:\/\/ltim.lt\/en\/wp-json\/wp\/v2\/pages\/4190\/revisions"}],"predecessor-version":[{"id":4199,"href":"https:\/\/ltim.lt\/en\/wp-json\/wp\/v2\/pages\/4190\/revisions\/4199"}],"up":[{"embeddable":true,"href":"https:\/\/ltim.lt\/en\/wp-json\/wp\/v2\/pages\/4152"}],"wp:attachment":[{"href":"https:\/\/ltim.lt\/en\/wp-json\/wp\/v2\/media?parent=4190"}],"curies":[{"name":"wp","href":"https:\/\/api.w.org\/{rel}","templated":true}]}}