{"id":4189,"date":"2022-11-29T08:53:27","date_gmt":"2022-11-29T10:53:27","guid":{"rendered":"http:\/\/ltim.lt\/?page_id=4189"},"modified":"2022-11-29T08:53:28","modified_gmt":"2022-11-29T10:53:28","slug":"atvirute-vaizduojanti-traku-pili","status":"publish","type":"page","link":"https:\/\/ltim.lt\/en\/galerija\/numizmatika\/filatelija\/atvirute-vaizduojanti-traku-pili\/","title":{"rendered":"Atvirut\u0117 vaizduojanti Trak\u0173 pil\u012f"},"content":{"rendered":"\n<p><img loading=\"lazy\" class=\"aligncenter size-medium\" src=\"https:\/\/pirmynpopasauli.files.wordpress.com\/2022\/11\/image-153.png\" width=\"674\" height=\"495\" \/><\/p>\n<p style=\"text-align: center;\">Atvirut\u0117 vaizduojanti Trak\u0173 pil\u012f su Lietuvos Did\u017eiojo Kunigaik\u0161\u010dio Gedimino 650 mirties metini\u0173 antspaudu 1991 09 28.<\/p>\n","protected":false},"excerpt":{"rendered":"<p>Atvirut\u0117 vaizduojanti Trak\u0173 pil\u012f su Lietuvos Did\u017eiojo Kunigaik\u0161\u010dio Gedimino 650 mirties metini\u0173 antspaudu 1991 09 28.<\/p>\n","protected":false},"author":1,"featured_media":0,"parent":4152,"menu_order":0,"comment_status":"closed","ping_status":"closed","template":"page-text.php","meta":[],"_links":{"self":[{"href":"https:\/\/ltim.lt\/en\/wp-json\/wp\/v2\/pages\/4189"}],"collection":[{"href":"https:\/\/ltim.lt\/en\/wp-json\/wp\/v2\/pages"}],"about":[{"href":"https:\/\/ltim.lt\/en\/wp-json\/wp\/v2\/types\/page"}],"author":[{"embeddable":true,"href":"https:\/\/ltim.lt\/en\/wp-json\/wp\/v2\/users\/1"}],"replies":[{"embeddable":true,"href":"https:\/\/ltim.lt\/en\/wp-json\/wp\/v2\/comments?post=4189"}],"version-history":[{"count":1,"href":"https:\/\/ltim.lt\/en\/wp-json\/wp\/v2\/pages\/4189\/revisions"}],"predecessor-version":[{"id":4198,"href":"https:\/\/ltim.lt\/en\/wp-json\/wp\/v2\/pages\/4189\/revisions\/4198"}],"up":[{"embeddable":true,"href":"https:\/\/ltim.lt\/en\/wp-json\/wp\/v2\/pages\/4152"}],"wp:attachment":[{"href":"https:\/\/ltim.lt\/en\/wp-json\/wp\/v2\/media?parent=4189"}],"curies":[{"name":"wp","href":"https:\/\/api.w.org\/{rel}","templated":true}]}}