{"id":4188,"date":"2022-11-29T08:44:06","date_gmt":"2022-11-29T10:44:06","guid":{"rendered":"http:\/\/ltim.lt\/?page_id=4188"},"modified":"2022-11-29T08:44:08","modified_gmt":"2022-11-29T10:44:08","slug":"vokas-isleistas-atstatant-vilniaus-zemutines-pilies-lietuvos-valdovu-rumus","status":"publish","type":"page","link":"https:\/\/ltim.lt\/en\/galerija\/numizmatika\/filatelija\/vokas-isleistas-atstatant-vilniaus-zemutines-pilies-lietuvos-valdovu-rumus\/","title":{"rendered":"Vokas i\u0161leistas atstatant Vilniaus \u017eemutin\u0117s pilies Lietuvos Valdov\u0173 R\u016bmus"},"content":{"rendered":"\n<p><img loading=\"lazy\" class=\"aligncenter size-medium\" src=\"https:\/\/pirmynpopasauli.files.wordpress.com\/2022\/11\/image-152.png\" width=\"599\" height=\"425\" \/><\/p>\n<p style=\"text-align: center;\">Vokas i\u0161leistas atstatant Vilniaus \u017eemutin\u0117s pilies Lietuvos Valdov\u0173 R\u016bmus su pirmos dienos antspaudu. 2003 m.<\/p>\n","protected":false},"excerpt":{"rendered":"<p>Vokas i\u0161leistas atstatant Vilniaus \u017eemutin\u0117s pilies Lietuvos Valdov\u0173 R\u016bmus su pirmos dienos antspaudu. 2003 m.<\/p>\n","protected":false},"author":1,"featured_media":0,"parent":4152,"menu_order":0,"comment_status":"closed","ping_status":"closed","template":"page-text.php","meta":[],"_links":{"self":[{"href":"https:\/\/ltim.lt\/en\/wp-json\/wp\/v2\/pages\/4188"}],"collection":[{"href":"https:\/\/ltim.lt\/en\/wp-json\/wp\/v2\/pages"}],"about":[{"href":"https:\/\/ltim.lt\/en\/wp-json\/wp\/v2\/types\/page"}],"author":[{"embeddable":true,"href":"https:\/\/ltim.lt\/en\/wp-json\/wp\/v2\/users\/1"}],"replies":[{"embeddable":true,"href":"https:\/\/ltim.lt\/en\/wp-json\/wp\/v2\/comments?post=4188"}],"version-history":[{"count":1,"href":"https:\/\/ltim.lt\/en\/wp-json\/wp\/v2\/pages\/4188\/revisions"}],"predecessor-version":[{"id":4194,"href":"https:\/\/ltim.lt\/en\/wp-json\/wp\/v2\/pages\/4188\/revisions\/4194"}],"up":[{"embeddable":true,"href":"https:\/\/ltim.lt\/en\/wp-json\/wp\/v2\/pages\/4152"}],"wp:attachment":[{"href":"https:\/\/ltim.lt\/en\/wp-json\/wp\/v2\/media?parent=4188"}],"curies":[{"name":"wp","href":"https:\/\/api.w.org\/{rel}","templated":true}]}}