{"id":4183,"date":"2022-11-29T08:51:10","date_gmt":"2022-11-29T10:51:10","guid":{"rendered":"http:\/\/ltim.lt\/?page_id=4183"},"modified":"2022-11-29T08:51:11","modified_gmt":"2022-11-29T10:51:11","slug":"atvirute-vaizduojanti-musi-prie-chotynes-2","status":"publish","type":"page","link":"https:\/\/ltim.lt\/en\/galerija\/numizmatika\/filatelija\/atvirute-vaizduojanti-musi-prie-chotynes-2\/","title":{"rendered":"Atvirut\u0117 vaizduojanti m\u016b\u0161\u012f prie Chotyn\u0117s"},"content":{"rendered":"\n<p><img loading=\"lazy\" class=\"aligncenter size-medium\" src=\"https:\/\/pirmynpopasauli.files.wordpress.com\/2022\/11\/image-149.png\" width=\"812\" height=\"560\" \/><\/p>\n<p style=\"text-align: center;\">Atvirut\u0117 vaizduojanti m\u016b\u0161\u012f prie Chotyn\u0117s (Chocimen).<\/p>\n<p style=\"text-align: center;\">Autorius J. Kossak.<\/p>\n","protected":false},"excerpt":{"rendered":"<p>Atvirut\u0117 vaizduojanti m\u016b\u0161\u012f prie Chotyn\u0117s (Chocimen). Autorius J. Kossak.<\/p>\n","protected":false},"author":1,"featured_media":0,"parent":4152,"menu_order":0,"comment_status":"closed","ping_status":"closed","template":"page-text.php","meta":[],"_links":{"self":[{"href":"https:\/\/ltim.lt\/en\/wp-json\/wp\/v2\/pages\/4183"}],"collection":[{"href":"https:\/\/ltim.lt\/en\/wp-json\/wp\/v2\/pages"}],"about":[{"href":"https:\/\/ltim.lt\/en\/wp-json\/wp\/v2\/types\/page"}],"author":[{"embeddable":true,"href":"https:\/\/ltim.lt\/en\/wp-json\/wp\/v2\/users\/1"}],"replies":[{"embeddable":true,"href":"https:\/\/ltim.lt\/en\/wp-json\/wp\/v2\/comments?post=4183"}],"version-history":[{"count":1,"href":"https:\/\/ltim.lt\/en\/wp-json\/wp\/v2\/pages\/4183\/revisions"}],"predecessor-version":[{"id":4197,"href":"https:\/\/ltim.lt\/en\/wp-json\/wp\/v2\/pages\/4183\/revisions\/4197"}],"up":[{"embeddable":true,"href":"https:\/\/ltim.lt\/en\/wp-json\/wp\/v2\/pages\/4152"}],"wp:attachment":[{"href":"https:\/\/ltim.lt\/en\/wp-json\/wp\/v2\/media?parent=4183"}],"curies":[{"name":"wp","href":"https:\/\/api.w.org\/{rel}","templated":true}]}}