{"id":4182,"date":"2022-11-29T08:48:41","date_gmt":"2022-11-29T10:48:41","guid":{"rendered":"http:\/\/ltim.lt\/?page_id=4182"},"modified":"2022-11-29T08:48:42","modified_gmt":"2022-11-29T10:48:42","slug":"atvirute-vaizduojanti-lenku-kariuomene-prancuzijos-imperatoriaus-bonaparto-sudetyje-prie-vyslos","status":"publish","type":"page","link":"https:\/\/ltim.lt\/en\/galerija\/numizmatika\/filatelija\/atvirute-vaizduojanti-lenku-kariuomene-prancuzijos-imperatoriaus-bonaparto-sudetyje-prie-vyslos\/","title":{"rendered":"Atvirut\u0117 vaizduojanti lenk\u0173 kariuomen\u0117 Pranc\u016bzijos imperatoriaus Bonaparto sud\u0117tyje prie Vyslos"},"content":{"rendered":"\n<p style=\"text-align: center;\"><img loading=\"lazy\" class=\"aligncenter size-medium\" src=\"https:\/\/pirmynpopasauli.files.wordpress.com\/2022\/11\/image-150.png\" width=\"575\" height=\"818\" \/><\/p>\n<p style=\"text-align: center;\">Atvirut\u0117 vaizduojanti lenk\u0173 kariuomen\u0117 Pranc\u016bzijos imperatoriaus Bonaparto sud\u0117tyje prie Vyslos. Autorius J. Kossak.<\/p>\n","protected":false},"excerpt":{"rendered":"<p>Atvirut\u0117 vaizduojanti lenk\u0173 kariuomen\u0117 Pranc\u016bzijos imperatoriaus Bonaparto sud\u0117tyje prie Vyslos. Autorius J. Kossak.<\/p>\n","protected":false},"author":1,"featured_media":0,"parent":4152,"menu_order":0,"comment_status":"closed","ping_status":"closed","template":"page-text.php","meta":[],"_links":{"self":[{"href":"https:\/\/ltim.lt\/en\/wp-json\/wp\/v2\/pages\/4182"}],"collection":[{"href":"https:\/\/ltim.lt\/en\/wp-json\/wp\/v2\/pages"}],"about":[{"href":"https:\/\/ltim.lt\/en\/wp-json\/wp\/v2\/types\/page"}],"author":[{"embeddable":true,"href":"https:\/\/ltim.lt\/en\/wp-json\/wp\/v2\/users\/1"}],"replies":[{"embeddable":true,"href":"https:\/\/ltim.lt\/en\/wp-json\/wp\/v2\/comments?post=4182"}],"version-history":[{"count":1,"href":"https:\/\/ltim.lt\/en\/wp-json\/wp\/v2\/pages\/4182\/revisions"}],"predecessor-version":[{"id":4196,"href":"https:\/\/ltim.lt\/en\/wp-json\/wp\/v2\/pages\/4182\/revisions\/4196"}],"up":[{"embeddable":true,"href":"https:\/\/ltim.lt\/en\/wp-json\/wp\/v2\/pages\/4152"}],"wp:attachment":[{"href":"https:\/\/ltim.lt\/en\/wp-json\/wp\/v2\/media?parent=4182"}],"curies":[{"name":"wp","href":"https:\/\/api.w.org\/{rel}","templated":true}]}}