{"id":4171,"date":"2022-11-29T08:37:58","date_gmt":"2022-11-29T10:37:58","guid":{"rendered":"http:\/\/ltim.lt\/?page_id=4171"},"modified":"2022-11-29T08:37:59","modified_gmt":"2022-11-29T10:37:59","slug":"atvirute-su-kunigaiksciu-chasaidaru","status":"publish","type":"page","link":"https:\/\/ltim.lt\/en\/galerija\/numizmatika\/filatelija\/atvirute-su-kunigaiksciu-chasaidaru\/","title":{"rendered":"Atvirut\u0117 su kunigaik\u0161\u010diu Cha\u0161aidaru"},"content":{"rendered":"\n<p><img loading=\"lazy\" class=\"aligncenter size-medium\" src=\"https:\/\/pirmynpopasauli.files.wordpress.com\/2022\/11\/image-146.png\" width=\"450\" height=\"634\" \/><\/p>\n<p style=\"text-align: center;\">Cha\u0161aidaras (rekonstrukcinis pie\u0161inys). Chai\u0161adaras &#8211; totorius, minimas nuo 1565 m. Nuo 1590 m. dokumentuose \u012fra\u0161ytas \u0161io asmens vardu pavadintas dvaras Ko\u0161eidarova.\u00a0<br \/>Rekonstrukcijos autorius Arvydas Poci\u016bnas.<br \/>Dailininkas Marius Zavadskis.<br \/>Kai\u0161iadori\u0173 muziejus.<\/p>\n<p>\u00a0<\/p>\n","protected":false},"excerpt":{"rendered":"<p>Cha\u0161aidaras (rekonstrukcinis pie\u0161inys). Chai\u0161adaras &#8211; totorius, minimas nuo 1565 m. Nuo 1590 m. dokumentuose \u012fra\u0161ytas \u0161io asmens vardu pavadintas dvaras Ko\u0161eidarova.\u00a0Rekonstrukcijos autorius Arvydas Poci\u016bnas.Dailininkas Marius Zavadskis.Kai\u0161iadori\u0173 muziejus. \u00a0<\/p>\n","protected":false},"author":1,"featured_media":0,"parent":4152,"menu_order":0,"comment_status":"closed","ping_status":"closed","template":"page-text.php","meta":[],"_links":{"self":[{"href":"https:\/\/ltim.lt\/en\/wp-json\/wp\/v2\/pages\/4171"}],"collection":[{"href":"https:\/\/ltim.lt\/en\/wp-json\/wp\/v2\/pages"}],"about":[{"href":"https:\/\/ltim.lt\/en\/wp-json\/wp\/v2\/types\/page"}],"author":[{"embeddable":true,"href":"https:\/\/ltim.lt\/en\/wp-json\/wp\/v2\/users\/1"}],"replies":[{"embeddable":true,"href":"https:\/\/ltim.lt\/en\/wp-json\/wp\/v2\/comments?post=4171"}],"version-history":[{"count":1,"href":"https:\/\/ltim.lt\/en\/wp-json\/wp\/v2\/pages\/4171\/revisions"}],"predecessor-version":[{"id":4191,"href":"https:\/\/ltim.lt\/en\/wp-json\/wp\/v2\/pages\/4171\/revisions\/4191"}],"up":[{"embeddable":true,"href":"https:\/\/ltim.lt\/en\/wp-json\/wp\/v2\/pages\/4152"}],"wp:attachment":[{"href":"https:\/\/ltim.lt\/en\/wp-json\/wp\/v2\/media?parent=4171"}],"curies":[{"name":"wp","href":"https:\/\/api.w.org\/{rel}","templated":true}]}}