{"id":4157,"date":"2022-11-28T21:13:40","date_gmt":"2022-11-28T23:13:40","guid":{"rendered":"http:\/\/ltim.lt\/?page_id=4157"},"modified":"2022-11-28T21:13:42","modified_gmt":"2022-11-28T23:13:42","slug":"vokas-skirtas-vilniaus-istorinei-mecetei-su-pasto-zenklu-ir-pirmos-dienos-atspaudu","status":"publish","type":"page","link":"https:\/\/ltim.lt\/en\/galerija\/numizmatika\/filatelija\/vokas-skirtas-vilniaus-istorinei-mecetei-su-pasto-zenklu-ir-pirmos-dienos-atspaudu\/","title":{"rendered":"Vokas skirtas Vilniaus istorinei me\u010detei su pa\u0161to \u017eenklu ir pirmos dienos atspaudu"},"content":{"rendered":"\n<p><img loading=\"lazy\" class=\"aligncenter size-medium\" src=\"https:\/\/pirmynpopasauli.files.wordpress.com\/2022\/11\/image-138.png\" width=\"778\" height=\"566\" \/><\/p>\n<p style=\"text-align: center;\">Vokas skirtas Vilniaus istorinei me\u010detei su pa\u0161to \u017eenklu ir pirmos dienos atspaudu 2018 m.<\/p>\n<p>\u00a0<\/p>\n","protected":false},"excerpt":{"rendered":"<p>Vokas skirtas Vilniaus istorinei me\u010detei su pa\u0161to \u017eenklu ir pirmos dienos atspaudu 2018 m. \u00a0<\/p>\n","protected":false},"author":1,"featured_media":0,"parent":4152,"menu_order":0,"comment_status":"closed","ping_status":"closed","template":"page-text.php","meta":[],"_links":{"self":[{"href":"https:\/\/ltim.lt\/en\/wp-json\/wp\/v2\/pages\/4157"}],"collection":[{"href":"https:\/\/ltim.lt\/en\/wp-json\/wp\/v2\/pages"}],"about":[{"href":"https:\/\/ltim.lt\/en\/wp-json\/wp\/v2\/types\/page"}],"author":[{"embeddable":true,"href":"https:\/\/ltim.lt\/en\/wp-json\/wp\/v2\/users\/1"}],"replies":[{"embeddable":true,"href":"https:\/\/ltim.lt\/en\/wp-json\/wp\/v2\/comments?post=4157"}],"version-history":[{"count":1,"href":"https:\/\/ltim.lt\/en\/wp-json\/wp\/v2\/pages\/4157\/revisions"}],"predecessor-version":[{"id":4158,"href":"https:\/\/ltim.lt\/en\/wp-json\/wp\/v2\/pages\/4157\/revisions\/4158"}],"up":[{"embeddable":true,"href":"https:\/\/ltim.lt\/en\/wp-json\/wp\/v2\/pages\/4152"}],"wp:attachment":[{"href":"https:\/\/ltim.lt\/en\/wp-json\/wp\/v2\/media?parent=4157"}],"curies":[{"name":"wp","href":"https:\/\/api.w.org\/{rel}","templated":true}]}}