{"id":4141,"date":"2022-11-28T20:50:39","date_gmt":"2022-11-28T22:50:39","guid":{"rendered":"http:\/\/ltim.lt\/?page_id=4141"},"modified":"2022-11-28T20:50:40","modified_gmt":"2022-11-28T22:50:40","slug":"bazarevska-marija","status":"publish","type":"page","link":"https:\/\/ltim.lt\/en\/galerija\/zymus-zmones\/bazarevska-marija\/","title":{"rendered":"BAZAREVSKA MARIJA"},"content":{"rendered":"\n\n\n<p><img loading=\"lazy\" class=\"aligncenter size-medium\" src=\"https:\/\/pirmynpopasauli.files.wordpress.com\/2022\/11\/image-134.png\" width=\"574\" height=\"746\" \/><\/p>\n<p style=\"text-align: center;\">Marija Bazarevska Chalilio Janu\u0161ausko \u017emona. Pulkininko Juzefo Bazarevskio dukra. Juzefas Bazarevskis buvo Ba\u010dkoni\u0173 dvaro savininkas nuo 1889 m. Marija baigusi Sarbonos universitet\u0105 filologij\u0105.<\/p>\n","protected":false},"excerpt":{"rendered":"<p>Marija Bazarevska Chalilio Janu\u0161ausko \u017emona. Pulkininko Juzefo Bazarevskio dukra. Juzefas Bazarevskis buvo Ba\u010dkoni\u0173 dvaro savininkas nuo 1889 m. Marija baigusi Sarbonos universitet\u0105 filologij\u0105.<\/p>\n","protected":false},"author":1,"featured_media":0,"parent":137,"menu_order":0,"comment_status":"closed","ping_status":"closed","template":"page-text.php","meta":[],"_links":{"self":[{"href":"https:\/\/ltim.lt\/en\/wp-json\/wp\/v2\/pages\/4141"}],"collection":[{"href":"https:\/\/ltim.lt\/en\/wp-json\/wp\/v2\/pages"}],"about":[{"href":"https:\/\/ltim.lt\/en\/wp-json\/wp\/v2\/types\/page"}],"author":[{"embeddable":true,"href":"https:\/\/ltim.lt\/en\/wp-json\/wp\/v2\/users\/1"}],"replies":[{"embeddable":true,"href":"https:\/\/ltim.lt\/en\/wp-json\/wp\/v2\/comments?post=4141"}],"version-history":[{"count":1,"href":"https:\/\/ltim.lt\/en\/wp-json\/wp\/v2\/pages\/4141\/revisions"}],"predecessor-version":[{"id":4142,"href":"https:\/\/ltim.lt\/en\/wp-json\/wp\/v2\/pages\/4141\/revisions\/4142"}],"up":[{"embeddable":true,"href":"https:\/\/ltim.lt\/en\/wp-json\/wp\/v2\/pages\/137"}],"wp:attachment":[{"href":"https:\/\/ltim.lt\/en\/wp-json\/wp\/v2\/media?parent=4141"}],"curies":[{"name":"wp","href":"https:\/\/api.w.org\/{rel}","templated":true}]}}