{"id":4136,"date":"2022-11-28T20:20:46","date_gmt":"2022-11-28T22:20:46","guid":{"rendered":"http:\/\/ltim.lt\/?page_id=4136"},"modified":"2022-11-28T20:20:48","modified_gmt":"2022-11-28T22:20:48","slug":"vilniaus-gubernijos-traku-miesto-isduotas-kvitas-uz-zemes-mokesti-a-krinickui-1912-m","status":"publish","type":"page","link":"https:\/\/ltim.lt\/en\/galerija\/dokumentai\/vilniaus-gubernijos-traku-miesto-isduotas-kvitas-uz-zemes-mokesti-a-krinickui-1912-m\/","title":{"rendered":"Vilniaus gubernijos Trak\u0173 miesto i\u0161duotas kvitas u\u017e \u017eem\u0117s mokest\u012f A. Krinickui 1912 m."},"content":{"rendered":"\n<p><img loading=\"lazy\" class=\"aligncenter size-medium\" src=\"https:\/\/pirmynpopasauli.files.wordpress.com\/2022\/11\/image-131.png\" width=\"631\" height=\"409\" \/><\/p>\n<p style=\"text-align: center;\">Vilniaus gubernijos Trak\u0173 miesto i\u0161duotas kvitas u\u017e \u017eem\u0117s mokest\u012f A. Krinickui 1912 m.<\/p>\n","protected":false},"excerpt":{"rendered":"<p>Vilniaus gubernijos Trak\u0173 miesto i\u0161duotas kvitas u\u017e \u017eem\u0117s mokest\u012f A. Krinickui 1912 m.<\/p>\n","protected":false},"author":1,"featured_media":0,"parent":128,"menu_order":0,"comment_status":"closed","ping_status":"closed","template":"page-text.php","meta":[],"_links":{"self":[{"href":"https:\/\/ltim.lt\/en\/wp-json\/wp\/v2\/pages\/4136"}],"collection":[{"href":"https:\/\/ltim.lt\/en\/wp-json\/wp\/v2\/pages"}],"about":[{"href":"https:\/\/ltim.lt\/en\/wp-json\/wp\/v2\/types\/page"}],"author":[{"embeddable":true,"href":"https:\/\/ltim.lt\/en\/wp-json\/wp\/v2\/users\/1"}],"replies":[{"embeddable":true,"href":"https:\/\/ltim.lt\/en\/wp-json\/wp\/v2\/comments?post=4136"}],"version-history":[{"count":1,"href":"https:\/\/ltim.lt\/en\/wp-json\/wp\/v2\/pages\/4136\/revisions"}],"predecessor-version":[{"id":4137,"href":"https:\/\/ltim.lt\/en\/wp-json\/wp\/v2\/pages\/4136\/revisions\/4137"}],"up":[{"embeddable":true,"href":"https:\/\/ltim.lt\/en\/wp-json\/wp\/v2\/pages\/128"}],"wp:attachment":[{"href":"https:\/\/ltim.lt\/en\/wp-json\/wp\/v2\/media?parent=4136"}],"curies":[{"name":"wp","href":"https:\/\/api.w.org\/{rel}","templated":true}]}}