{"id":4119,"date":"2022-11-28T19:08:36","date_gmt":"2022-11-28T21:08:36","guid":{"rendered":"http:\/\/ltim.lt\/?page_id=4119"},"modified":"2022-11-28T19:08:37","modified_gmt":"2022-11-28T21:08:37","slug":"vinksnupiu-kapinese-esantis-akmuo-su-uzrasu","status":"publish","type":"page","link":"https:\/\/ltim.lt\/en\/galerija\/vietoves\/vinksnupiai\/vinksnupiu-kapinese-esantis-akmuo-su-uzrasu\/","title":{"rendered":"Vink\u0161nupi\u0173 kapin\u0117se esantis akmuo su u\u017era\u0161u"},"content":{"rendered":"\n<p><img loading=\"lazy\" class=\"aligncenter size-medium\" src=\"https:\/\/pirmynpopasauli.files.wordpress.com\/2022\/11\/image-130.png\" width=\"253\" height=\"279\" \/><\/p>\n<p style=\"text-align: center;\">Vink\u0161nupi\u0173 kapin\u0117se esantis akmuo su u\u017era\u0161u<\/p>\n","protected":false},"excerpt":{"rendered":"<p>Vink\u0161nupi\u0173 kapin\u0117se esantis akmuo su u\u017era\u0161u<\/p>\n","protected":false},"author":1,"featured_media":0,"parent":3933,"menu_order":0,"comment_status":"closed","ping_status":"closed","template":"page-text.php","meta":[],"_links":{"self":[{"href":"https:\/\/ltim.lt\/en\/wp-json\/wp\/v2\/pages\/4119"}],"collection":[{"href":"https:\/\/ltim.lt\/en\/wp-json\/wp\/v2\/pages"}],"about":[{"href":"https:\/\/ltim.lt\/en\/wp-json\/wp\/v2\/types\/page"}],"author":[{"embeddable":true,"href":"https:\/\/ltim.lt\/en\/wp-json\/wp\/v2\/users\/1"}],"replies":[{"embeddable":true,"href":"https:\/\/ltim.lt\/en\/wp-json\/wp\/v2\/comments?post=4119"}],"version-history":[{"count":1,"href":"https:\/\/ltim.lt\/en\/wp-json\/wp\/v2\/pages\/4119\/revisions"}],"predecessor-version":[{"id":4120,"href":"https:\/\/ltim.lt\/en\/wp-json\/wp\/v2\/pages\/4119\/revisions\/4120"}],"up":[{"embeddable":true,"href":"https:\/\/ltim.lt\/en\/wp-json\/wp\/v2\/pages\/3933"}],"wp:attachment":[{"href":"https:\/\/ltim.lt\/en\/wp-json\/wp\/v2\/media?parent=4119"}],"curies":[{"name":"wp","href":"https:\/\/api.w.org\/{rel}","templated":true}]}}