{"id":4117,"date":"2022-11-28T18:55:00","date_gmt":"2022-11-28T20:55:00","guid":{"rendered":"http:\/\/ltim.lt\/?page_id=4117"},"modified":"2022-11-28T18:55:01","modified_gmt":"2022-11-28T20:55:01","slug":"vinksniupiu-kapiniu-senoviniai-akmenys","status":"publish","type":"page","link":"https:\/\/ltim.lt\/en\/galerija\/vietoves\/vinksnupiai\/vinksniupiu-kapiniu-senoviniai-akmenys\/","title":{"rendered":"Vink\u0161niupi\u0173 kapini\u0173 senoviniai akmenys"},"content":{"rendered":"\n<p style=\"text-align: center;\"><img loading=\"lazy\" class=\"aligncenter size-medium\" src=\"https:\/\/pirmynpopasauli.files.wordpress.com\/2022\/11\/image-129.png\" width=\"550\" height=\"409\" \/>Vink\u0161niupi\u0173 kapini\u0173 senoviniai akmenys<\/p>\n","protected":false},"excerpt":{"rendered":"<p>Vink\u0161niupi\u0173 kapini\u0173 senoviniai akmenys<\/p>\n","protected":false},"author":1,"featured_media":0,"parent":3933,"menu_order":0,"comment_status":"closed","ping_status":"closed","template":"page-text.php","meta":[],"_links":{"self":[{"href":"https:\/\/ltim.lt\/en\/wp-json\/wp\/v2\/pages\/4117"}],"collection":[{"href":"https:\/\/ltim.lt\/en\/wp-json\/wp\/v2\/pages"}],"about":[{"href":"https:\/\/ltim.lt\/en\/wp-json\/wp\/v2\/types\/page"}],"author":[{"embeddable":true,"href":"https:\/\/ltim.lt\/en\/wp-json\/wp\/v2\/users\/1"}],"replies":[{"embeddable":true,"href":"https:\/\/ltim.lt\/en\/wp-json\/wp\/v2\/comments?post=4117"}],"version-history":[{"count":1,"href":"https:\/\/ltim.lt\/en\/wp-json\/wp\/v2\/pages\/4117\/revisions"}],"predecessor-version":[{"id":4118,"href":"https:\/\/ltim.lt\/en\/wp-json\/wp\/v2\/pages\/4117\/revisions\/4118"}],"up":[{"embeddable":true,"href":"https:\/\/ltim.lt\/en\/wp-json\/wp\/v2\/pages\/3933"}],"wp:attachment":[{"href":"https:\/\/ltim.lt\/en\/wp-json\/wp\/v2\/media?parent=4117"}],"curies":[{"name":"wp","href":"https:\/\/api.w.org\/{rel}","templated":true}]}}