{"id":4106,"date":"2022-11-26T21:05:05","date_gmt":"2022-11-26T23:05:05","guid":{"rendered":"http:\/\/ltim.lt\/?page_id=4106"},"modified":"2022-11-26T21:05:27","modified_gmt":"2022-11-26T23:05:27","slug":"butrimoniu-gyventojos","status":"publish","type":"page","link":"https:\/\/ltim.lt\/en\/galerija\/vietoves\/butrimonys\/butrimoniu-gyventojos\/","title":{"rendered":"Butrimoni\u0173 gyventojos"},"content":{"rendered":"\n<p><img loading=\"lazy\" class=\"size-medium aligncenter\" src=\"https:\/\/pirmynpopasauli.files.wordpress.com\/2022\/11\/image-127.png\" width=\"469\" height=\"320\" \/><\/p>\n<p style=\"text-align: center;\">Butrimoni\u0173 gyventojos, kair\u0117je pus\u0117je Rozalija Krinickait\u0117.<\/p>\n","protected":false},"excerpt":{"rendered":"<p>Butrimoni\u0173 gyventojos, kair\u0117je pus\u0117je Rozalija Krinickait\u0117.<\/p>\n","protected":false},"author":1,"featured_media":0,"parent":3747,"menu_order":0,"comment_status":"closed","ping_status":"closed","template":"page-text.php","meta":[],"_links":{"self":[{"href":"https:\/\/ltim.lt\/en\/wp-json\/wp\/v2\/pages\/4106"}],"collection":[{"href":"https:\/\/ltim.lt\/en\/wp-json\/wp\/v2\/pages"}],"about":[{"href":"https:\/\/ltim.lt\/en\/wp-json\/wp\/v2\/types\/page"}],"author":[{"embeddable":true,"href":"https:\/\/ltim.lt\/en\/wp-json\/wp\/v2\/users\/1"}],"replies":[{"embeddable":true,"href":"https:\/\/ltim.lt\/en\/wp-json\/wp\/v2\/comments?post=4106"}],"version-history":[{"count":2,"href":"https:\/\/ltim.lt\/en\/wp-json\/wp\/v2\/pages\/4106\/revisions"}],"predecessor-version":[{"id":4108,"href":"https:\/\/ltim.lt\/en\/wp-json\/wp\/v2\/pages\/4106\/revisions\/4108"}],"up":[{"embeddable":true,"href":"https:\/\/ltim.lt\/en\/wp-json\/wp\/v2\/pages\/3747"}],"wp:attachment":[{"href":"https:\/\/ltim.lt\/en\/wp-json\/wp\/v2\/media?parent=4106"}],"curies":[{"name":"wp","href":"https:\/\/api.w.org\/{rel}","templated":true}]}}