{"id":4105,"date":"2022-11-26T21:06:23","date_gmt":"2022-11-26T23:06:23","guid":{"rendered":"http:\/\/ltim.lt\/?page_id=4105"},"modified":"2022-11-26T21:06:24","modified_gmt":"2022-11-26T23:06:24","slug":"svente-raiziuose-1935-m","status":"publish","type":"page","link":"https:\/\/ltim.lt\/en\/galerija\/vietoves\/alytus\/svente-raiziuose-1935-m\/","title":{"rendered":"\u0160vent\u0117 Rai\u017eiuose 1935 m."},"content":{"rendered":"\n<p><img loading=\"lazy\" class=\"aligncenter size-medium\" src=\"https:\/\/pirmynpopasauli.files.wordpress.com\/2022\/11\/image-125.png\" width=\"389\" height=\"284\" \/><\/p>\n<p style=\"text-align: center;\">\u0160vent\u0117 Rai\u017eiuose 1935 m.<\/p>\n","protected":false},"excerpt":{"rendered":"<p>\u0160vent\u0117 Rai\u017eiuose 1935 m.<\/p>\n","protected":false},"author":1,"featured_media":0,"parent":153,"menu_order":0,"comment_status":"closed","ping_status":"closed","template":"page-text.php","meta":[],"_links":{"self":[{"href":"https:\/\/ltim.lt\/en\/wp-json\/wp\/v2\/pages\/4105"}],"collection":[{"href":"https:\/\/ltim.lt\/en\/wp-json\/wp\/v2\/pages"}],"about":[{"href":"https:\/\/ltim.lt\/en\/wp-json\/wp\/v2\/types\/page"}],"author":[{"embeddable":true,"href":"https:\/\/ltim.lt\/en\/wp-json\/wp\/v2\/users\/1"}],"replies":[{"embeddable":true,"href":"https:\/\/ltim.lt\/en\/wp-json\/wp\/v2\/comments?post=4105"}],"version-history":[{"count":1,"href":"https:\/\/ltim.lt\/en\/wp-json\/wp\/v2\/pages\/4105\/revisions"}],"predecessor-version":[{"id":4109,"href":"https:\/\/ltim.lt\/en\/wp-json\/wp\/v2\/pages\/4105\/revisions\/4109"}],"up":[{"embeddable":true,"href":"https:\/\/ltim.lt\/en\/wp-json\/wp\/v2\/pages\/153"}],"wp:attachment":[{"href":"https:\/\/ltim.lt\/en\/wp-json\/wp\/v2\/media?parent=4105"}],"curies":[{"name":"wp","href":"https:\/\/api.w.org\/{rel}","templated":true}]}}