{"id":4098,"date":"2022-11-26T20:52:16","date_gmt":"2022-11-26T22:52:16","guid":{"rendered":"http:\/\/ltim.lt\/?page_id=4098"},"modified":"2022-11-26T20:52:17","modified_gmt":"2022-11-26T22:52:17","slug":"2-birutes-pulkas","status":"publish","type":"page","link":"https:\/\/ltim.lt\/en\/galerija\/karyba\/regimentai\/2-birutes-pulkas\/","title":{"rendered":"2 Birut\u0117s pulkas"},"content":{"rendered":"\n<p><img loading=\"lazy\" class=\"aligncenter size-medium\" src=\"https:\/\/pirmynpopasauli.files.wordpress.com\/2022\/11\/image-123.png\" width=\"400\" height=\"281\" \/><\/p>\n<p style=\"text-align: center;\">Stepas Selimavi\u010dius.\u00a0<\/p>\n<p style=\"text-align: center;\">Kitoje pus\u0117je para\u0161yta: \u201eGreitai laikas b\u0117ga. Duodu \u0161\u012f paveiksl\u0117l\u012f, kad prisimintum nors kada\u201c. 1935 m. rugs\u0117jo 29 d.\u00a0<\/p>\n","protected":false},"excerpt":{"rendered":"<p>Stepas Selimavi\u010dius.\u00a0 Kitoje pus\u0117je para\u0161yta: \u201eGreitai laikas b\u0117ga. Duodu \u0161\u012f paveiksl\u0117l\u012f, kad prisimintum nors kada\u201c. 1935 m. rugs\u0117jo 29 d.\u00a0<\/p>\n","protected":false},"author":1,"featured_media":0,"parent":158,"menu_order":0,"comment_status":"closed","ping_status":"closed","template":"page-text.php","meta":[],"_links":{"self":[{"href":"https:\/\/ltim.lt\/en\/wp-json\/wp\/v2\/pages\/4098"}],"collection":[{"href":"https:\/\/ltim.lt\/en\/wp-json\/wp\/v2\/pages"}],"about":[{"href":"https:\/\/ltim.lt\/en\/wp-json\/wp\/v2\/types\/page"}],"author":[{"embeddable":true,"href":"https:\/\/ltim.lt\/en\/wp-json\/wp\/v2\/users\/1"}],"replies":[{"embeddable":true,"href":"https:\/\/ltim.lt\/en\/wp-json\/wp\/v2\/comments?post=4098"}],"version-history":[{"count":1,"href":"https:\/\/ltim.lt\/en\/wp-json\/wp\/v2\/pages\/4098\/revisions"}],"predecessor-version":[{"id":4099,"href":"https:\/\/ltim.lt\/en\/wp-json\/wp\/v2\/pages\/4098\/revisions\/4099"}],"up":[{"embeddable":true,"href":"https:\/\/ltim.lt\/en\/wp-json\/wp\/v2\/pages\/158"}],"wp:attachment":[{"href":"https:\/\/ltim.lt\/en\/wp-json\/wp\/v2\/media?parent=4098"}],"curies":[{"name":"wp","href":"https:\/\/api.w.org\/{rel}","templated":true}]}}