{"id":4086,"date":"2022-11-26T20:36:26","date_gmt":"2022-11-26T22:36:26","guid":{"rendered":"http:\/\/ltim.lt\/?page_id=4086"},"modified":"2022-11-26T20:36:27","modified_gmt":"2022-11-26T22:36:27","slug":"krinickaites","status":"publish","type":"page","link":"https:\/\/ltim.lt\/en\/galerija\/vietoves\/butrimonys\/krinickaites\/","title":{"rendered":"Krinickait\u0117s"},"content":{"rendered":"\n<p><img loading=\"lazy\" class=\"aligncenter size-medium\" src=\"https:\/\/pirmynpopasauli.files.wordpress.com\/2022\/11\/image-116.png\" width=\"432\" height=\"299\" \/><\/p>\n<p style=\"text-align: center;\">Sofija, Rozalija ir Maryt\u0117 Krinickait\u0117s. Gim\u0117 Butrimoni\u0173 miestelyje, v\u0117liau persikraust\u0117 gyventi \u012f Kaun\u0105. 1951 m. bir\u017eelio 10 d.<\/p>\n","protected":false},"excerpt":{"rendered":"<p>Sofija, Rozalija ir Maryt\u0117 Krinickait\u0117s. Gim\u0117 Butrimoni\u0173 miestelyje, v\u0117liau persikraust\u0117 gyventi \u012f Kaun\u0105. 1951 m. bir\u017eelio 10 d.<\/p>\n","protected":false},"author":1,"featured_media":0,"parent":3747,"menu_order":0,"comment_status":"closed","ping_status":"closed","template":"page-text.php","meta":[],"_links":{"self":[{"href":"https:\/\/ltim.lt\/en\/wp-json\/wp\/v2\/pages\/4086"}],"collection":[{"href":"https:\/\/ltim.lt\/en\/wp-json\/wp\/v2\/pages"}],"about":[{"href":"https:\/\/ltim.lt\/en\/wp-json\/wp\/v2\/types\/page"}],"author":[{"embeddable":true,"href":"https:\/\/ltim.lt\/en\/wp-json\/wp\/v2\/users\/1"}],"replies":[{"embeddable":true,"href":"https:\/\/ltim.lt\/en\/wp-json\/wp\/v2\/comments?post=4086"}],"version-history":[{"count":1,"href":"https:\/\/ltim.lt\/en\/wp-json\/wp\/v2\/pages\/4086\/revisions"}],"predecessor-version":[{"id":4087,"href":"https:\/\/ltim.lt\/en\/wp-json\/wp\/v2\/pages\/4086\/revisions\/4087"}],"up":[{"embeddable":true,"href":"https:\/\/ltim.lt\/en\/wp-json\/wp\/v2\/pages\/3747"}],"wp:attachment":[{"href":"https:\/\/ltim.lt\/en\/wp-json\/wp\/v2\/media?parent=4086"}],"curies":[{"name":"wp","href":"https:\/\/api.w.org\/{rel}","templated":true}]}}