{"id":4085,"date":"2022-11-26T20:38:59","date_gmt":"2022-11-26T22:38:59","guid":{"rendered":"http:\/\/ltim.lt\/?page_id=4085"},"modified":"2022-11-26T20:39:00","modified_gmt":"2022-11-26T22:39:00","slug":"sofija-krinickaite-su-vyru-ridzvanaviciumi","status":"publish","type":"page","link":"https:\/\/ltim.lt\/en\/galerija\/vietoves\/butrimonys\/sofija-krinickaite-su-vyru-ridzvanaviciumi\/","title":{"rendered":"Sofija Krinickait\u0117 su vyru Ridzvanavi\u010diumi"},"content":{"rendered":"\n<p><img loading=\"lazy\" class=\"aligncenter size-medium\" src=\"https:\/\/pirmynpopasauli.files.wordpress.com\/2022\/11\/image-117.png\" width=\"257\" height=\"472\" \/><\/p>\n<p style=\"text-align: center;\">Sofija Krinickait\u0117 su vyru Ridzvanavi\u010diumi. 1941 m. sausio m\u0117nesis.<\/p>\n","protected":false},"excerpt":{"rendered":"<p>Sofija Krinickait\u0117 su vyru Ridzvanavi\u010diumi. 1941 m. sausio m\u0117nesis.<\/p>\n","protected":false},"author":1,"featured_media":0,"parent":3747,"menu_order":0,"comment_status":"closed","ping_status":"closed","template":"page-text.php","meta":[],"_links":{"self":[{"href":"https:\/\/ltim.lt\/en\/wp-json\/wp\/v2\/pages\/4085"}],"collection":[{"href":"https:\/\/ltim.lt\/en\/wp-json\/wp\/v2\/pages"}],"about":[{"href":"https:\/\/ltim.lt\/en\/wp-json\/wp\/v2\/types\/page"}],"author":[{"embeddable":true,"href":"https:\/\/ltim.lt\/en\/wp-json\/wp\/v2\/users\/1"}],"replies":[{"embeddable":true,"href":"https:\/\/ltim.lt\/en\/wp-json\/wp\/v2\/comments?post=4085"}],"version-history":[{"count":1,"href":"https:\/\/ltim.lt\/en\/wp-json\/wp\/v2\/pages\/4085\/revisions"}],"predecessor-version":[{"id":4088,"href":"https:\/\/ltim.lt\/en\/wp-json\/wp\/v2\/pages\/4085\/revisions\/4088"}],"up":[{"embeddable":true,"href":"https:\/\/ltim.lt\/en\/wp-json\/wp\/v2\/pages\/3747"}],"wp:attachment":[{"href":"https:\/\/ltim.lt\/en\/wp-json\/wp\/v2\/media?parent=4085"}],"curies":[{"name":"wp","href":"https:\/\/api.w.org\/{rel}","templated":true}]}}