{"id":4081,"date":"2022-11-26T20:32:50","date_gmt":"2022-11-26T22:32:50","guid":{"rendered":"http:\/\/ltim.lt\/?page_id=4081"},"modified":"2022-11-26T20:32:51","modified_gmt":"2022-11-26T22:32:51","slug":"2-jo-birutes-pulko-karys","status":"publish","type":"page","link":"https:\/\/ltim.lt\/en\/galerija\/karyba\/regimentai\/2-jo-birutes-pulko-karys\/","title":{"rendered":"2-jo Birut\u0117s pulko karys"},"content":{"rendered":"\n<p><img loading=\"lazy\" class=\"aligncenter size-medium\" src=\"https:\/\/pirmynpopasauli.files.wordpress.com\/2022\/11\/image-115.png\" width=\"254\" height=\"383\" \/><\/p>\n<p style=\"text-align: center;\">Adomas Makulavi\u010dius. 1935 m. 2-jo Birut\u0117s pulko karys. Priklaus\u0117 Technikos esk.<\/p>\n<p style=\"text-align: center;\">Kitoje pus\u0117je para\u0161yta: \u201eA\u0161 lietuvis. A\u0161 gimiau lietuvis ir lietuvis b\u016bsiu. Dirbsiu, kiek gal\u0117siu. D\u0117l t\u0117vyn\u0117s m\u016bs\u0173\u201c.<\/p>\n","protected":false},"excerpt":{"rendered":"<p>Adomas Makulavi\u010dius. 1935 m. 2-jo Birut\u0117s pulko karys. Priklaus\u0117 Technikos esk. Kitoje pus\u0117je para\u0161yta: \u201eA\u0161 lietuvis. A\u0161 gimiau lietuvis ir lietuvis b\u016bsiu. Dirbsiu, kiek gal\u0117siu. D\u0117l t\u0117vyn\u0117s m\u016bs\u0173\u201c.<\/p>\n","protected":false},"author":1,"featured_media":0,"parent":158,"menu_order":0,"comment_status":"closed","ping_status":"closed","template":"page-text.php","meta":[],"_links":{"self":[{"href":"https:\/\/ltim.lt\/en\/wp-json\/wp\/v2\/pages\/4081"}],"collection":[{"href":"https:\/\/ltim.lt\/en\/wp-json\/wp\/v2\/pages"}],"about":[{"href":"https:\/\/ltim.lt\/en\/wp-json\/wp\/v2\/types\/page"}],"author":[{"embeddable":true,"href":"https:\/\/ltim.lt\/en\/wp-json\/wp\/v2\/users\/1"}],"replies":[{"embeddable":true,"href":"https:\/\/ltim.lt\/en\/wp-json\/wp\/v2\/comments?post=4081"}],"version-history":[{"count":1,"href":"https:\/\/ltim.lt\/en\/wp-json\/wp\/v2\/pages\/4081\/revisions"}],"predecessor-version":[{"id":4083,"href":"https:\/\/ltim.lt\/en\/wp-json\/wp\/v2\/pages\/4081\/revisions\/4083"}],"up":[{"embeddable":true,"href":"https:\/\/ltim.lt\/en\/wp-json\/wp\/v2\/pages\/158"}],"wp:attachment":[{"href":"https:\/\/ltim.lt\/en\/wp-json\/wp\/v2\/media?parent=4081"}],"curies":[{"name":"wp","href":"https:\/\/api.w.org\/{rel}","templated":true}]}}